

{"id":4592,"date":"2014-10-24T15:44:47","date_gmt":"2014-10-24T13:44:47","guid":{"rendered":"http:\/\/www.xcelsiorselection.com\/product\/bird-bery-dresser-2\/"},"modified":"2014-10-24T15:53:56","modified_gmt":"2014-10-24T13:53:56","slug":"bird-bery-dresser","status":"publish","type":"product","link":"https:\/\/www.xcelsiorselection.com\/lv\/product\/bird-bery-dresser\/","title":{"rendered":"Bird &#038; bery p\u0101rtinamais galds"},"content":{"rendered":"","protected":false},"excerpt":{"rendered":"<p>Dizains: Kukuu.<br \/>\nIzm\u0113rs: 90 x 45 x 93 cm.<br \/>\nMateri\u0101ls: b\u0113rza finieris un mdf.<br \/>\nP\u0101rtinamais galds transform\u0113j\u0101s par kumodi.<br \/>\nKomplekt\u0101cij\u0101 iek\u013cauta mantu kaste.<br \/>\nKr\u0101sa: piena balta, piln\u012bb\u0101 balta, kakao.<br \/>\nIzgatavots EU. <\/p>\n","protected":false},"featured_media":44698,"comment_status":"closed","ping_status":"closed","template":"","meta":[],"_links":{"self":[{"href":"https:\/\/www.xcelsiorselection.com\/lv\/wp-json\/wp\/v2\/product\/4592\/"}],"collection":[{"href":"https:\/\/www.xcelsiorselection.com\/lv\/wp-json\/wp\/v2\/product\/"}],"about":[{"href":"https:\/\/www.xcelsiorselection.com\/lv\/wp-json\/wp\/v2\/types\/product\/"}],"replies":[{"embeddable":true,"href":"https:\/\/www.xcelsiorselection.com\/lv\/wp-json\/wp\/v2\/comments\/?post=4592"}],"wp:featuredmedia":[{"embeddable":true,"href":"https:\/\/www.xcelsiorselection.com\/lv\/wp-json\/wp\/v2\/media\/44698\/"}],"wp:attachment":[{"href":"https:\/\/www.xcelsiorselection.com\/lv\/wp-json\/wp\/v2\/media\/?parent=4592"}],"curies":[{"name":"wp","href":"https:\/\/api.w.org\/{rel}","templated":true}]}}