

{"id":4696,"date":"2014-10-24T16:58:02","date_gmt":"2014-10-24T14:58:02","guid":{"rendered":"http:\/\/www.xcelsiorselection.com\/product\/bird-bery-bookshelf-2\/"},"modified":"2014-10-24T17:09:28","modified_gmt":"2014-10-24T15:09:28","slug":"bird-bery-bookshelf","status":"publish","type":"product","link":"https:\/\/www.xcelsiorselection.com\/lv\/product\/bird-bery-bookshelf\/","title":{"rendered":"Bird &#038; bery gr\u0101matu plaukts"},"content":{"rendered":"","protected":false},"excerpt":{"rendered":"<p>Dizains: Kukuu.<br \/>\nIzm\u0113rs: 90 x 45 x 130 cm.<br \/>\nMateri\u0101ls: b\u0113rza finieris un mdf.<br \/>\nKr\u0101sa: piena balta, piln\u012bb\u0101 balta, kakao.<br \/>\nPlaukti viegli sasniedzami b\u0113rniem.<br \/>\nIzgatavots EU. <\/p>\n","protected":false},"featured_media":44722,"comment_status":"closed","ping_status":"closed","template":"","meta":[],"_links":{"self":[{"href":"https:\/\/www.xcelsiorselection.com\/lv\/wp-json\/wp\/v2\/product\/4696\/"}],"collection":[{"href":"https:\/\/www.xcelsiorselection.com\/lv\/wp-json\/wp\/v2\/product\/"}],"about":[{"href":"https:\/\/www.xcelsiorselection.com\/lv\/wp-json\/wp\/v2\/types\/product\/"}],"replies":[{"embeddable":true,"href":"https:\/\/www.xcelsiorselection.com\/lv\/wp-json\/wp\/v2\/comments\/?post=4696"}],"wp:featuredmedia":[{"embeddable":true,"href":"https:\/\/www.xcelsiorselection.com\/lv\/wp-json\/wp\/v2\/media\/44722\/"}],"wp:attachment":[{"href":"https:\/\/www.xcelsiorselection.com\/lv\/wp-json\/wp\/v2\/media\/?parent=4696"}],"curies":[{"name":"wp","href":"https:\/\/api.w.org\/{rel}","templated":true}]}}