

{"id":4726,"date":"2014-10-24T17:20:58","date_gmt":"2014-10-24T15:20:58","guid":{"rendered":"http:\/\/www.xcelsiorselection.com\/product\/bird-bery-junior-bed-2\/"},"modified":"2014-10-24T17:27:02","modified_gmt":"2014-10-24T15:27:02","slug":"bird-bery-junior-bed","status":"publish","type":"product","link":"https:\/\/www.xcelsiorselection.com\/lv\/product\/bird-bery-junior-bed\/","title":{"rendered":"Bird &#038; bery junior gulta"},"content":{"rendered":"","protected":false},"excerpt":{"rendered":"<p>Dizains: Kukuu.<br \/>\nIzm\u0113rs: 167 x 74 x 45 cm.<br \/>\nMateri\u0101ls: b\u0113rza finieris un mdf.<br \/>\nKr\u0101sa: piena balta, piln\u012bba balta, kakao.<br \/>\nKomplekt\u0101 n\u0101k matracis un dro\u0161\u012bbas mala gultai.<br \/>\nMatracis izgatavots no dab\u012bgas anti bakteri\u0101las \u0161\u0137iedras, matra\u010da parvalks izgatavots no 100% kokvilnas. P\u0101rvalku var mazg\u0101t 30\u00b0.<br \/>\nIzgatavots EU. <\/p>\n","protected":false},"featured_media":44719,"comment_status":"closed","ping_status":"closed","template":"","meta":[],"_links":{"self":[{"href":"https:\/\/www.xcelsiorselection.com\/lv\/wp-json\/wp\/v2\/product\/4726\/"}],"collection":[{"href":"https:\/\/www.xcelsiorselection.com\/lv\/wp-json\/wp\/v2\/product\/"}],"about":[{"href":"https:\/\/www.xcelsiorselection.com\/lv\/wp-json\/wp\/v2\/types\/product\/"}],"replies":[{"embeddable":true,"href":"https:\/\/www.xcelsiorselection.com\/lv\/wp-json\/wp\/v2\/comments\/?post=4726"}],"wp:featuredmedia":[{"embeddable":true,"href":"https:\/\/www.xcelsiorselection.com\/lv\/wp-json\/wp\/v2\/media\/44719\/"}],"wp:attachment":[{"href":"https:\/\/www.xcelsiorselection.com\/lv\/wp-json\/wp\/v2\/media\/?parent=4726"}],"curies":[{"name":"wp","href":"https:\/\/api.w.org\/{rel}","templated":true}]}}