

{"id":47429,"date":"2017-11-22T23:38:34","date_gmt":"2017-11-22T21:38:34","guid":{"rendered":"http:\/\/www.xcelsiorselection.com\/product\/bedding-flora-100x135-2\/"},"modified":"2017-11-22T23:43:04","modified_gmt":"2017-11-22T21:43:04","slug":"bedding-flora-100x135","status":"publish","type":"product","link":"https:\/\/www.xcelsiorselection.com\/lv\/product\/bedding-flora-100x135\/","title":{"rendered":"B\u0113rnu gultas ve\u013cas komplekts FLORA 100\u00d7135"},"content":{"rendered":"<p>Leander gultas ve\u013ca Flora ir veidota no vieglas, greznas un augstas kvalit\u0101tes kokvilnas. Gultas ve\u013cas komplekts sast\u0101v no segas p\u0101rvalka un spilvendr\u0101nas, t\u0101 pieejama 3 da\u017e\u0101d\u0101s kr\u0101s\u0101s, piem\u0113rota gan Leander, gan Leander Linea kolekcijai.<br \/>\nIzm\u0113ri &#8211; Eiropas standarts: sega 100 x 135 cm, spilvendr\u0101na 40 x 60 cm.<br \/>\nVar mazg\u0101t ve\u013casma\u0161\u012bn\u0101 60 gr\u0101du temperat\u016br\u0101.<\/p>\n","protected":false},"excerpt":{"rendered":"<p><img loading=\"lazy\" decoding=\"async\" alt=\"leander logo\" src=\"http:\/\/www.xcelsiorselection.com\/wp-content\/uploads\/2014\/07\/leander-logo.jpg\" width=\"129\" height=\"34\" \/><\/p>\n<p>Ra\u017eot\u0101js: Leander<br \/>\nMateri\u0101ls: 100% kokvilna<br \/>\nIzm\u0113ri: segas p\u0101rv.: 100 x 135 cm<br \/>\nspilvendr\u0101na: 40 x 60 cm<br \/>\nKr\u0101sas: zila, roz\u0101, pel\u0113ka<\/p>\n","protected":false},"featured_media":46773,"comment_status":"closed","ping_status":"closed","template":"","meta":[],"_links":{"self":[{"href":"https:\/\/www.xcelsiorselection.com\/lv\/wp-json\/wp\/v2\/product\/47429\/"}],"collection":[{"href":"https:\/\/www.xcelsiorselection.com\/lv\/wp-json\/wp\/v2\/product\/"}],"about":[{"href":"https:\/\/www.xcelsiorselection.com\/lv\/wp-json\/wp\/v2\/types\/product\/"}],"replies":[{"embeddable":true,"href":"https:\/\/www.xcelsiorselection.com\/lv\/wp-json\/wp\/v2\/comments\/?post=47429"}],"wp:featuredmedia":[{"embeddable":true,"href":"https:\/\/www.xcelsiorselection.com\/lv\/wp-json\/wp\/v2\/media\/46773\/"}],"wp:attachment":[{"href":"https:\/\/www.xcelsiorselection.com\/lv\/wp-json\/wp\/v2\/media\/?parent=47429"}],"curies":[{"name":"wp","href":"https:\/\/api.w.org\/{rel}","templated":true}]}}