

{"id":4758,"date":"2014-10-24T17:36:22","date_gmt":"2014-10-24T15:36:22","guid":{"rendered":"http:\/\/www.xcelsiorselection.com\/product\/bird-bery-night-stand-2\/"},"modified":"2014-10-24T17:45:26","modified_gmt":"2014-10-24T15:45:26","slug":"bird-bery-night-stand","status":"publish","type":"product","link":"https:\/\/www.xcelsiorselection.com\/lv\/product\/bird-bery-night-stand\/","title":{"rendered":"Bird &#038; bery nakts skap\u012btis"},"content":{"rendered":"","protected":false},"excerpt":{"rendered":"<p>Dizains: Kukuu.<br \/>\nIzm\u0113rs: 90 x 45 x 45 cm.<br \/>\nMateri\u0101ls: b\u0113rza finieris un mdf.<br \/>\nKr\u0101sa: piena balta, piln\u012bb\u0101 balta, kakao.<br \/>\nIzgatavots EU saska\u0146\u0101 ar EN dros\u012bbas standartiem.<\/p>\n","protected":false},"featured_media":44704,"comment_status":"closed","ping_status":"closed","template":"","meta":[],"_links":{"self":[{"href":"https:\/\/www.xcelsiorselection.com\/lv\/wp-json\/wp\/v2\/product\/4758\/"}],"collection":[{"href":"https:\/\/www.xcelsiorselection.com\/lv\/wp-json\/wp\/v2\/product\/"}],"about":[{"href":"https:\/\/www.xcelsiorselection.com\/lv\/wp-json\/wp\/v2\/types\/product\/"}],"replies":[{"embeddable":true,"href":"https:\/\/www.xcelsiorselection.com\/lv\/wp-json\/wp\/v2\/comments\/?post=4758"}],"wp:featuredmedia":[{"embeddable":true,"href":"https:\/\/www.xcelsiorselection.com\/lv\/wp-json\/wp\/v2\/media\/44704\/"}],"wp:attachment":[{"href":"https:\/\/www.xcelsiorselection.com\/lv\/wp-json\/wp\/v2\/media\/?parent=4758"}],"curies":[{"name":"wp","href":"https:\/\/api.w.org\/{rel}","templated":true}]}}