

{"id":48123,"date":"2017-12-11T23:50:39","date_gmt":"2017-12-11T21:50:39","guid":{"rendered":"http:\/\/www.xcelsiorselection.com\/product\/gerard-ornaments-heart-2\/"},"modified":"2017-12-11T23:58:22","modified_gmt":"2017-12-11T21:58:22","slug":"gerard-ornaments-heart","status":"publish","type":"product","link":"https:\/\/www.xcelsiorselection.com\/lv\/product\/gerard-ornaments-heart\/","title":{"rendered":"Ornaments, Sirds"},"content":{"rendered":"<div id=\"tab-description\">\n<div id=\"tab-description\">\n<div id=\"tab-description\">\n<div id=\"tab-description\">\n<div id=\"tab-description\">\n<p>Kop\u0101 ar saviem kol\u0113\u0123iem Charles un Ray Eames un George Nelson, Alexander Girard bija viena no vado\u0161aj\u0101m fig\u016br\u0101m amerik\u0101\u0146u dizaina p\u0113ckara laikmet\u0101. Kam\u0113r tekstila dizains bija galven\u0101 uzman\u012bba Girard dai\u013crad\u0113, vi\u0146\u0161 tika apbr\u012bnots ar\u012b par darbu grafikas m\u0101ksl\u0101, t\u0101pat ar\u012b m\u0113be\u013cu un interjera dizain\u0101. Girard pie\u0161\u0137\u012bra jutekliskumu un rota\u013c\u012bgumu divdesmit\u0101 gadsimta dizainam. Vi\u0146a da\u017e\u0101dajos ce\u013cojumos, m\u0101kslinieks un dizaineris bija iev\u0101cis iev\u0113rojamus tekstilizstr\u0101d\u0101jumu un tautas m\u0101kslas eksempl\u0101rus. Girard nov\u0113l\u0113ja liel\u0101ko da\u013cu savas m\u0101kslas studijas objektus, kas ietv\u0113ra simtiem z\u012bm\u0113jumu, prototipu un paraugu, Vitra Dizaina muzejam 1993.gad\u0101.<\/p>\n<p>Sv\u0113tku ornamenti, ko pied\u0101v\u0101 z\u012bmols Vitra, veidoti no met\u0101la, apstr\u0101d\u0101ti ar misi\u0146u un piem\u0113roti karin\u0101\u0161anai egl\u012bt\u0113, vai kur citur. Sirds, d\u016bja, m\u0113ness, pele un saule ir rakstur\u012bgi elementi Alexander Girard dai\u013crad\u0113, t\u0101p\u0113c zelta nokr\u0101s\u0101 tie pieejami ar\u012b rot\u0101jumu veid\u0101. Ornamenti vairos sv\u0113tku saj\u016btu, gan iek\u0161telp\u0101s, gan \u0101rpus t\u0101m. Lieliska d\u0101vana!<\/p>\n<\/div>\n<\/div>\n<\/div>\n<\/div>\n<\/div>\n","protected":false},"excerpt":{"rendered":"<p><img loading=\"lazy\" decoding=\"async\" alt=\"vitra\" src=\"http:\/\/www.xcelsiorselection.com\/wp-content\/uploads\/2016\/02\/vitra.jpg\" width=\"133\" height=\"43\" \/><\/p>\n<p>Ra\u017eot\u0101js: Vitra<br \/>\nDizaineris: Alexander Girard, 1965<br \/>\nMateri\u0101ls: met\u0101ls, misi\u0146a apdare<br \/>\nIzm\u0113rs: 7,9 x 7 cm<\/p>\n","protected":false},"featured_media":48066,"comment_status":"closed","ping_status":"closed","template":"","meta":[],"_links":{"self":[{"href":"https:\/\/www.xcelsiorselection.com\/lv\/wp-json\/wp\/v2\/product\/48123\/"}],"collection":[{"href":"https:\/\/www.xcelsiorselection.com\/lv\/wp-json\/wp\/v2\/product\/"}],"about":[{"href":"https:\/\/www.xcelsiorselection.com\/lv\/wp-json\/wp\/v2\/types\/product\/"}],"replies":[{"embeddable":true,"href":"https:\/\/www.xcelsiorselection.com\/lv\/wp-json\/wp\/v2\/comments\/?post=48123"}],"wp:featuredmedia":[{"embeddable":true,"href":"https:\/\/www.xcelsiorselection.com\/lv\/wp-json\/wp\/v2\/media\/48066\/"}],"wp:attachment":[{"href":"https:\/\/www.xcelsiorselection.com\/lv\/wp-json\/wp\/v2\/media\/?parent=48123"}],"curies":[{"name":"wp","href":"https:\/\/api.w.org\/{rel}","templated":true}]}}