

{"id":48254,"date":"2017-12-13T11:55:01","date_gmt":"2017-12-13T09:55:01","guid":{"rendered":"http:\/\/www.xcelsiorselection.com\/product\/paper-napkins-grid-2\/"},"modified":"2017-12-13T12:01:36","modified_gmt":"2017-12-13T10:01:36","slug":"paper-napkins-grid","status":"publish","type":"product","link":"https:\/\/www.xcelsiorselection.com\/lv\/product\/paper-napkins-grid\/","title":{"rendered":"Pap\u012bra salvetes, Re\u017e\u0123is"},"content":{"rendered":"<div id=\"tab-description\">\n<div id=\"tab-description\">\n<div id=\"tab-description\">\n<div id=\"tab-description\">\n<div id=\"tab-description\">\n<div id=\"tab-description\">\n<div id=\"tab-description\">\n<div id=\"tab-description\">\n<div id=\"tab-description\">\n<p>Kop\u0101 ar saviem kol\u0113\u0123iem Charles un Ray Eames un George Nelson, Alexander Girard bija viena no vado\u0161aj\u0101m fig\u016br\u0101m amerik\u0101\u0146u dizaina p\u0113ckara laikmet\u0101. Kam\u0113r tekstila dizains bija galven\u0101 uzman\u012bba Girard dai\u013crad\u0113, vi\u0146\u0161 tika apbr\u012bnots ar\u012b par darbu grafikas m\u0101ksl\u0101, t\u0101pat ar\u012b m\u0113be\u013cu un interjera dizain\u0101. Girard pie\u0161\u0137\u012bra jutekliskumu un rota\u013c\u012bgumu divdesmit\u0101 gadsimta dizainam. Vi\u0146a da\u017e\u0101dajos ce\u013cojumos, m\u0101kslinieks un dizaineris bija iev\u0101cis iev\u0113rojamus tekstilizstr\u0101d\u0101jumu un tautas m\u0101kslas eksempl\u0101rus. Girard nov\u0113l\u0113ja liel\u0101ko da\u013cu savas m\u0101kslas studijas objektus, kas ietv\u0113ra simtiem z\u012bm\u0113jumu, prototipu un paraugu, Vitra Dizaina muzejam 1993.gad\u0101.<\/p>\n<p>Salvetes izgatavotas no kvalitat\u012bvas celulozes un t\u0101m piem\u012bt krokains lina efekts.<br \/>\nVien\u0101 iepakojum\u0101 ir 12 salvetes.<br \/>\nSalvetes ir pieejamas da\u017e\u0101dos izm\u0113ros, ar da\u017e\u0101diem mot\u012bviem no Vitra Home kolekcijas.<\/p>\n<\/div>\n<\/div>\n<\/div>\n<\/div>\n<\/div>\n<\/div>\n<\/div>\n<\/div>\n<\/div>\n","protected":false},"excerpt":{"rendered":"<p><img loading=\"lazy\" decoding=\"async\" alt=\"vitra\" src=\"http:\/\/www.xcelsiorselection.com\/wp-content\/uploads\/2016\/02\/vitra.jpg\" width=\"133\" height=\"43\" \/><\/p>\n<p>Ra\u017eot\u0101js: Vitra<br \/>\nDizaineris: Alexander Girard, 1953-1961<br \/>\nMateri\u0101ls: celuloze<br \/>\nIzm\u0113rs: 40 x 40 cm<br \/>\nKr\u0101sas: za\u013ca, roz\u0101, daudzkr\u0101saina<br \/>\n12 salvetes iepakojum\u0101<\/p>\n","protected":false},"featured_media":48240,"comment_status":"closed","ping_status":"closed","template":"","meta":[],"_links":{"self":[{"href":"https:\/\/www.xcelsiorselection.com\/lv\/wp-json\/wp\/v2\/product\/48254\/"}],"collection":[{"href":"https:\/\/www.xcelsiorselection.com\/lv\/wp-json\/wp\/v2\/product\/"}],"about":[{"href":"https:\/\/www.xcelsiorselection.com\/lv\/wp-json\/wp\/v2\/types\/product\/"}],"replies":[{"embeddable":true,"href":"https:\/\/www.xcelsiorselection.com\/lv\/wp-json\/wp\/v2\/comments\/?post=48254"}],"wp:featuredmedia":[{"embeddable":true,"href":"https:\/\/www.xcelsiorselection.com\/lv\/wp-json\/wp\/v2\/media\/48240\/"}],"wp:attachment":[{"href":"https:\/\/www.xcelsiorselection.com\/lv\/wp-json\/wp\/v2\/media\/?parent=48254"}],"curies":[{"name":"wp","href":"https:\/\/api.w.org\/{rel}","templated":true}]}}