

{"id":48376,"date":"2017-12-14T13:11:29","date_gmt":"2017-12-14T11:11:29","guid":{"rendered":"http:\/\/www.xcelsiorselection.com\/product\/graphic-boxes-flower-set-of-2-2\/"},"modified":"2017-12-14T13:19:37","modified_gmt":"2017-12-14T11:19:37","slug":"graphic-boxes-flower-set-of-2","status":"publish","type":"product","link":"https:\/\/www.xcelsiorselection.com\/lv\/product\/graphic-boxes-flower-set-of-2\/","title":{"rendered":"K\u0101rba, Ziedi (komplekt\u0101 2)"},"content":{"rendered":"<div id=\"tab-description\">\n<p>Kop\u0101 ar saviem kol\u0113\u0123iem Charles un Ray Eames un George Nelson, Alexander Girard bija viena no vado\u0161aj\u0101m fig\u016br\u0101m amerik\u0101\u0146u dizaina p\u0113ckara laikmet\u0101. Kam\u0113r tekstila dizains bija galven\u0101 uzman\u012bba Girard dai\u013crad\u0113, vi\u0146\u0161 tika apbr\u012bnots ar\u012b par darbu grafikas m\u0101ksl\u0101, t\u0101pat ar\u012b m\u0113be\u013cu un interjera dizain\u0101. Girard pie\u0161\u0137\u012bra jutekliskumu un rota\u013c\u012bgumu divdesmit\u0101 gadsimta dizainam. Vi\u0146a da\u017e\u0101dajos ce\u013cojumos, m\u0101kslinieks un dizaineris bija iev\u0101cis iev\u0113rojamus tekstilizstr\u0101d\u0101jumu un tautas m\u0101kslas eksempl\u0101rus. Girard nov\u0113l\u0113ja liel\u0101ko da\u013cu savas m\u0101kslas studijas objektus, kas ietv\u0113ra simtiem z\u012bm\u0113jumu, prototipu un paraugu, Vitra Dizaina muzejam 1993.gad\u0101.<\/p>\n<p>Ziedu mot\u012bvs ir viens no popul\u0101r\u0101kajiem Alexander Girard veidotajiem ornamentiem. Komplekt\u0101 divas k\u0101rbas melna ar sarkanu iek\u0161pusi un &#8211; p\u0101rsteigums &#8211; maz\u0101ka sarkana kast\u012bte ar zelta ziediem. Grafisko k\u0101rbu s\u0113rijai dizaineris rad\u012bjis da\u017e\u0101dus kr\u0101sainus mot\u012bvus, kas druk\u0101ti uz augstas kvalit\u0101tes kartona kast\u0113m. \u0160\u012bs k\u0101rbas b\u016bs lieliskas gan d\u0101vanu iesai\u0146o\u0161anai, gan da\u017e\u0101du s\u012bkumu uzglab\u0101\u0161anai.<\/p>\n<\/div>\n","protected":false},"excerpt":{"rendered":"<p><img loading=\"lazy\" decoding=\"async\" alt=\"vitra\" src=\"http:\/\/www.xcelsiorselection.com\/wp-content\/uploads\/2016\/02\/vitra.jpg\" width=\"133\" height=\"43\" \/><\/p>\n<p>Ra\u017eot\u0101js: Vitra<br \/>\nDizaineris: Alexander Girard, 1954<br \/>\nMateri\u0101ls: kartons, kas lamin\u0113ts ar<br \/>\napdruk\u0101tu pap\u012bra celulozi<br \/>\nIzm\u0113rs:\u00a0L-16 x 16 x 7 cm<br \/>\nS-10 x 10 x 5.5 cm<\/p>\n","protected":false},"featured_media":48372,"comment_status":"closed","ping_status":"closed","template":"","meta":[],"_links":{"self":[{"href":"https:\/\/www.xcelsiorselection.com\/lv\/wp-json\/wp\/v2\/product\/48376\/"}],"collection":[{"href":"https:\/\/www.xcelsiorselection.com\/lv\/wp-json\/wp\/v2\/product\/"}],"about":[{"href":"https:\/\/www.xcelsiorselection.com\/lv\/wp-json\/wp\/v2\/types\/product\/"}],"replies":[{"embeddable":true,"href":"https:\/\/www.xcelsiorselection.com\/lv\/wp-json\/wp\/v2\/comments\/?post=48376"}],"wp:featuredmedia":[{"embeddable":true,"href":"https:\/\/www.xcelsiorselection.com\/lv\/wp-json\/wp\/v2\/media\/48372\/"}],"wp:attachment":[{"href":"https:\/\/www.xcelsiorselection.com\/lv\/wp-json\/wp\/v2\/media\/?parent=48376"}],"curies":[{"name":"wp","href":"https:\/\/api.w.org\/{rel}","templated":true}]}}