

{"id":48772,"date":"2017-12-18T22:16:06","date_gmt":"2017-12-18T20:16:06","guid":{"rendered":"http:\/\/www.xcelsiorselection.com\/product\/mood-mask-2\/"},"modified":"2017-12-18T22:30:25","modified_gmt":"2017-12-18T20:30:25","slug":"mood-mask","status":"publish","type":"product","link":"https:\/\/www.xcelsiorselection.com\/lv\/product\/mood-mask\/","title":{"rendered":"Maska"},"content":{"rendered":"<p>Noska\u0146u maskas no z\u012bmola Hay ir roku darbs, veidotas un kr\u0101sotas Indij\u0101. Glu\u017ei k\u0101 dz\u012bv\u0113, katrai sejai ir savas unik\u0101l\u0101s deta\u013cas un vaibsti, kas to padara \u012bpa\u0161u, ar\u012b \u0161\u012bs maksas ir at\u0161\u0137ir\u012bgas, jo katra darin\u0101ta individu\u0101li. Papj\u0113-ma\u0161\u0113 tehnik\u0101 darin\u0101tas, maskas lieliski noder\u0113s gan karnev\u0101lam, gan k\u0101 interjera dekors.<br \/>\nHAY dibin\u0101ts 2002.gad\u0101 un nu jau tas k\u013cuvis par vienu no atpaz\u012bstam\u0101kajiem D\u0101nijas z\u012bmoliem, kas izce\u013cas ar modenu dizainu un pieejamu cenu. HAY m\u0113beles apvieno pag\u0101ju\u0161\u0101 gadsimta stilu un inov\u0101cijas m\u016bsdienu vari\u0101cij\u0101s.<\/p>\n","protected":false},"excerpt":{"rendered":"<p><img loading=\"lazy\" decoding=\"async\" alt=\"Hay logo new\" src=\"http:\/\/www.xcelsiorselection.com\/wp-content\/uploads\/2016\/02\/Hay-logo-new1.jpg\" width=\"138\" height=\"53\" \/><\/p>\n<p>Ra\u017eot\u0101js: HAY<br \/>\nMateri\u0101ls: papj\u0113-ma\u0161\u0113, poliestera lenta<br \/>\nIzm\u0113rs: 20 x 25 x 10 cm<br \/>\nKr\u0101sa: zila, balta<\/p>\n","protected":false},"featured_media":48765,"comment_status":"closed","ping_status":"closed","template":"","meta":[],"_links":{"self":[{"href":"https:\/\/www.xcelsiorselection.com\/lv\/wp-json\/wp\/v2\/product\/48772\/"}],"collection":[{"href":"https:\/\/www.xcelsiorselection.com\/lv\/wp-json\/wp\/v2\/product\/"}],"about":[{"href":"https:\/\/www.xcelsiorselection.com\/lv\/wp-json\/wp\/v2\/types\/product\/"}],"replies":[{"embeddable":true,"href":"https:\/\/www.xcelsiorselection.com\/lv\/wp-json\/wp\/v2\/comments\/?post=48772"}],"wp:featuredmedia":[{"embeddable":true,"href":"https:\/\/www.xcelsiorselection.com\/lv\/wp-json\/wp\/v2\/media\/48765\/"}],"wp:attachment":[{"href":"https:\/\/www.xcelsiorselection.com\/lv\/wp-json\/wp\/v2\/media\/?parent=48772"}],"curies":[{"name":"wp","href":"https:\/\/api.w.org\/{rel}","templated":true}]}}