

{"id":48798,"date":"2017-12-18T23:09:54","date_gmt":"2017-12-18T21:09:54","guid":{"rendered":"http:\/\/www.xcelsiorselection.com\/product\/playing-cards-2\/"},"modified":"2017-12-18T23:19:09","modified_gmt":"2017-12-18T21:19:09","slug":"playing-cards","status":"publish","type":"product","link":"https:\/\/www.xcelsiorselection.com\/lv\/product\/playing-cards\/","title":{"rendered":"Sp\u0113\u013cu k\u0101rtis"},"content":{"rendered":"<p>Grafikas dizainere Clara von Zweigbergk ir pie\u0161\u0137\u012brusi klasiskaj\u0101m sp\u0113\u013cu k\u0101rt\u012bm jaunu grafisko identit\u0101ti. Vai esi gatavs k\u0101r\u0161u vakaram? Ieg\u0101d\u0101jies sev vai d\u0101vini draugam!<br \/>\nHAY dibin\u0101ts 2002.gad\u0101 un nu jau tas k\u013cuvis par vienu no atpaz\u012bstam\u0101kajiem D\u0101nijas z\u012bmoliem, kas izce\u013cas ar modenu dizainu un pieejamu cenu. HAY m\u0113beles apvieno pag\u0101ju\u0161\u0101 gadsimta stilu un inov\u0101cijas m\u016bsdienu vari\u0101cij\u0101s.<\/p>\n","protected":false},"excerpt":{"rendered":"<p><img loading=\"lazy\" decoding=\"async\" alt=\"Hay logo new\" src=\"http:\/\/www.xcelsiorselection.com\/wp-content\/uploads\/2016\/02\/Hay-logo-new1.jpg\" width=\"138\" height=\"53\" \/><\/p>\n<p>Ra\u017eot\u0101js: HAY<br \/>\nMateri\u0101ls: pap\u012brs<br \/>\nIzm\u0113rs: 9,5 x 6,5 cm<br \/>\nKr\u0101sa: zila, balta<\/p>\n","protected":false},"featured_media":48787,"comment_status":"closed","ping_status":"closed","template":"","meta":[],"_links":{"self":[{"href":"https:\/\/www.xcelsiorselection.com\/lv\/wp-json\/wp\/v2\/product\/48798\/"}],"collection":[{"href":"https:\/\/www.xcelsiorselection.com\/lv\/wp-json\/wp\/v2\/product\/"}],"about":[{"href":"https:\/\/www.xcelsiorselection.com\/lv\/wp-json\/wp\/v2\/types\/product\/"}],"replies":[{"embeddable":true,"href":"https:\/\/www.xcelsiorselection.com\/lv\/wp-json\/wp\/v2\/comments\/?post=48798"}],"wp:featuredmedia":[{"embeddable":true,"href":"https:\/\/www.xcelsiorselection.com\/lv\/wp-json\/wp\/v2\/media\/48787\/"}],"wp:attachment":[{"href":"https:\/\/www.xcelsiorselection.com\/lv\/wp-json\/wp\/v2\/media\/?parent=48798"}],"curies":[{"name":"wp","href":"https:\/\/api.w.org\/{rel}","templated":true}]}}