

{"id":48865,"date":"2017-12-19T17:07:45","date_gmt":"2017-12-19T15:07:45","guid":{"rendered":"http:\/\/www.xcelsiorselection.com\/product\/indian-steel-pitcher-2\/"},"modified":"2017-12-19T17:15:53","modified_gmt":"2017-12-19T15:15:53","slug":"indian-steel-pitcher","status":"publish","type":"product","link":"https:\/\/www.xcelsiorselection.com\/lv\/product\/indian-steel-pitcher\/","title":{"rendered":"T\u0113rauda kr\u016bka"},"content":{"rendered":"<p>Kr\u016bka kas gatavota Indij\u0101 no ner\u016bs\u0113jo\u0161\u0101 t\u0113rauda, lieliska lai serv\u0113tu sulas, \u016bdeni un citus aukstus dz\u0113rienus.<br \/>\nHAY dibin\u0101ts 2002.gad\u0101 un nu jau tas k\u013cuvis par vienu no atpaz\u012bstam\u0101kajiem D\u0101nijas z\u012bmoliem, kas izce\u013cas ar modenu dizainu un pieejamu cenu. HAY m\u0113beles apvieno pag\u0101ju\u0161\u0101 gadsimta stilu un inov\u0101cijas m\u016bsdienu vari\u0101cij\u0101s.<\/p>\n","protected":false},"excerpt":{"rendered":"<p><img loading=\"lazy\" decoding=\"async\" alt=\"Hay logo new\" src=\"http:\/\/www.xcelsiorselection.com\/wp-content\/uploads\/2016\/02\/Hay-logo-new1.jpg\" width=\"138\" height=\"53\" \/><\/p>\n<p>Ra\u017eot\u0101js: HAY<br \/>\nMateri\u0101ls: ner\u016bs\u0113jo\u0161ais t\u0113rauds<br \/>\nIzm\u0113rs: 19 x 14,5 x 22,5 cm<\/p>\n","protected":false},"featured_media":48825,"comment_status":"closed","ping_status":"closed","template":"","meta":[],"_links":{"self":[{"href":"https:\/\/www.xcelsiorselection.com\/lv\/wp-json\/wp\/v2\/product\/48865\/"}],"collection":[{"href":"https:\/\/www.xcelsiorselection.com\/lv\/wp-json\/wp\/v2\/product\/"}],"about":[{"href":"https:\/\/www.xcelsiorselection.com\/lv\/wp-json\/wp\/v2\/types\/product\/"}],"replies":[{"embeddable":true,"href":"https:\/\/www.xcelsiorselection.com\/lv\/wp-json\/wp\/v2\/comments\/?post=48865"}],"wp:featuredmedia":[{"embeddable":true,"href":"https:\/\/www.xcelsiorselection.com\/lv\/wp-json\/wp\/v2\/media\/48825\/"}],"wp:attachment":[{"href":"https:\/\/www.xcelsiorselection.com\/lv\/wp-json\/wp\/v2\/media\/?parent=48865"}],"curies":[{"name":"wp","href":"https:\/\/api.w.org\/{rel}","templated":true}]}}