

{"id":48886,"date":"2017-12-19T18:06:37","date_gmt":"2017-12-19T16:06:37","guid":{"rendered":"http:\/\/www.xcelsiorselection.com\/product\/glass-tea-cup-s-2\/"},"modified":"2017-12-19T18:10:51","modified_gmt":"2017-12-19T16:10:51","slug":"glass-tea-cup-s","status":"publish","type":"product","link":"https:\/\/www.xcelsiorselection.com\/lv\/product\/glass-tea-cup-s\/","title":{"rendered":"Stikla t\u0113jas kr\u016bze"},"content":{"rendered":"<p>Izgatavota no karstumiztur\u012bga, iztur\u012bga borsilik\u0101ta stikla, kas saglab\u0101 dz\u0113riena siltumu ilg\u0101k. Var mazg\u0101t trauku mazg\u0101jam\u0101 ma\u0161\u012bn\u0101.<br \/>\nHAY dibin\u0101ts 2002.gad\u0101 un nu jau tas k\u013cuvis par vienu no atpaz\u012bstam\u0101kajiem D\u0101nijas z\u012bmoliem, kas izce\u013cas ar modenu dizainu un pieejamu cenu. HAY m\u0113beles apvieno pag\u0101ju\u0161\u0101 gadsimta stilu un inov\u0101cijas m\u016bsdienu vari\u0101cij\u0101s.<\/p>\n","protected":false},"excerpt":{"rendered":"<p><img loading=\"lazy\" decoding=\"async\" alt=\"Hay logo new\" src=\"http:\/\/www.xcelsiorselection.com\/wp-content\/uploads\/2016\/02\/Hay-logo-new1.jpg\" width=\"138\" height=\"53\" \/><\/p>\n<p>Ra\u017eot\u0101js: HAY<br \/>\nMateri\u0101ls: stikls<br \/>\nIzm\u0113rs: \u00d8 7 x 9 cm<\/p>\n","protected":false},"featured_media":48884,"comment_status":"closed","ping_status":"closed","template":"","meta":[],"_links":{"self":[{"href":"https:\/\/www.xcelsiorselection.com\/lv\/wp-json\/wp\/v2\/product\/48886\/"}],"collection":[{"href":"https:\/\/www.xcelsiorselection.com\/lv\/wp-json\/wp\/v2\/product\/"}],"about":[{"href":"https:\/\/www.xcelsiorselection.com\/lv\/wp-json\/wp\/v2\/types\/product\/"}],"replies":[{"embeddable":true,"href":"https:\/\/www.xcelsiorselection.com\/lv\/wp-json\/wp\/v2\/comments\/?post=48886"}],"wp:featuredmedia":[{"embeddable":true,"href":"https:\/\/www.xcelsiorselection.com\/lv\/wp-json\/wp\/v2\/media\/48884\/"}],"wp:attachment":[{"href":"https:\/\/www.xcelsiorselection.com\/lv\/wp-json\/wp\/v2\/media\/?parent=48886"}],"curies":[{"name":"wp","href":"https:\/\/api.w.org\/{rel}","templated":true}]}}