

{"id":48899,"date":"2017-12-19T18:31:57","date_gmt":"2017-12-19T16:31:57","guid":{"rendered":"http:\/\/www.xcelsiorselection.com\/product\/tela-carafe-2\/"},"modified":"2017-12-19T18:39:51","modified_gmt":"2017-12-19T16:39:51","slug":"tela-carafe","status":"publish","type":"product","link":"https:\/\/www.xcelsiorselection.com\/lv\/product\/tela-carafe\/","title":{"rendered":"Tela Karafe"},"content":{"rendered":"<p>Tela karafe no z\u012bmola Hay. Pirmaj\u0101 acu uzmetien\u0101 karafe atg\u0101dina ce\u013cot\u0101ju \u016bdens toverus, bet paties\u012bb\u0101 t\u0101 veidota no stikla, kuram piem\u012bt tekstila izskats. Ar roku p\u016bstais stikls nodro\u0161ina katras karafes unikalit\u0101ti. Lieliska ideja d\u0101vanai!<br \/>\nHAY dibin\u0101ts 2002.gad\u0101 un nu jau tas k\u013cuvis par vienu no atpaz\u012bstam\u0101kajiem D\u0101nijas z\u012bmoliem, kas izce\u013cas ar modenu dizainu un pieejamu cenu. HAY m\u0113beles apvieno pag\u0101ju\u0161\u0101 gadsimta stilu un inov\u0101cijas m\u016bsdienu vari\u0101cij\u0101s.<\/p>\n","protected":false},"excerpt":{"rendered":"<p><img loading=\"lazy\" decoding=\"async\" alt=\"Hay logo new\" src=\"http:\/\/www.xcelsiorselection.com\/wp-content\/uploads\/2016\/02\/Hay-logo-new1.jpg\" width=\"138\" height=\"53\" \/><\/p>\n<p>Ra\u017eot\u0101js: HAY<br \/>\nMateri\u0101ls: stikls<br \/>\nIzm\u0113rs: 25,5 cm<\/p>\n","protected":false},"featured_media":48897,"comment_status":"closed","ping_status":"closed","template":"","meta":[],"_links":{"self":[{"href":"https:\/\/www.xcelsiorselection.com\/lv\/wp-json\/wp\/v2\/product\/48899\/"}],"collection":[{"href":"https:\/\/www.xcelsiorselection.com\/lv\/wp-json\/wp\/v2\/product\/"}],"about":[{"href":"https:\/\/www.xcelsiorselection.com\/lv\/wp-json\/wp\/v2\/types\/product\/"}],"replies":[{"embeddable":true,"href":"https:\/\/www.xcelsiorselection.com\/lv\/wp-json\/wp\/v2\/comments\/?post=48899"}],"wp:featuredmedia":[{"embeddable":true,"href":"https:\/\/www.xcelsiorselection.com\/lv\/wp-json\/wp\/v2\/media\/48897\/"}],"wp:attachment":[{"href":"https:\/\/www.xcelsiorselection.com\/lv\/wp-json\/wp\/v2\/media\/?parent=48899"}],"curies":[{"name":"wp","href":"https:\/\/api.w.org\/{rel}","templated":true}]}}