

{"id":4904,"date":"2014-11-07T16:39:16","date_gmt":"2014-11-07T14:39:16","guid":{"rendered":"http:\/\/www.xcelsiorselection.com\/product\/beeth-2\/"},"modified":"2014-11-07T16:44:10","modified_gmt":"2014-11-07T14:44:10","slug":"beeth","status":"publish","type":"product","link":"https:\/\/www.xcelsiorselection.com\/lv\/product\/beeth\/","title":{"rendered":"B\u00e9\u00e9th b\u0113rnu soli\u0146\u0161, dekors"},"content":{"rendered":"","protected":false},"excerpt":{"rendered":"<p>Dizains: Alessandro Zambelli.<br \/>\nMateri\u0101ls: di\u017esk\u0101bardis un kor\u0137is.<br \/>\nIzm\u0113rs: 43 x 27, h 49 cm.<\/p>\n","protected":false},"featured_media":71553,"comment_status":"closed","ping_status":"closed","template":"","meta":[],"_links":{"self":[{"href":"https:\/\/www.xcelsiorselection.com\/lv\/wp-json\/wp\/v2\/product\/4904\/"}],"collection":[{"href":"https:\/\/www.xcelsiorselection.com\/lv\/wp-json\/wp\/v2\/product\/"}],"about":[{"href":"https:\/\/www.xcelsiorselection.com\/lv\/wp-json\/wp\/v2\/types\/product\/"}],"replies":[{"embeddable":true,"href":"https:\/\/www.xcelsiorselection.com\/lv\/wp-json\/wp\/v2\/comments\/?post=4904"}],"wp:featuredmedia":[{"embeddable":true,"href":"https:\/\/www.xcelsiorselection.com\/lv\/wp-json\/wp\/v2\/media\/71553\/"}],"wp:attachment":[{"href":"https:\/\/www.xcelsiorselection.com\/lv\/wp-json\/wp\/v2\/media\/?parent=4904"}],"curies":[{"name":"wp","href":"https:\/\/api.w.org\/{rel}","templated":true}]}}