

{"id":49283,"date":"2017-12-28T20:27:11","date_gmt":"2017-12-28T18:27:11","guid":{"rendered":"http:\/\/www.xcelsiorselection.com\/product\/kaleido-tray-xs-2\/"},"modified":"2017-12-28T20:49:34","modified_gmt":"2017-12-28T18:49:34","slug":"kaleido-tray-xs","status":"publish","type":"product","link":"https:\/\/www.xcelsiorselection.com\/lv\/product\/kaleido-tray-xs\/","title":{"rendered":"Kaleido papl\u0101te, XS"},"content":{"rendered":"<p>Kaleido ir ori\u0123in\u0101la papl\u0101\u0161u s\u0113rija ko veidojusi dizainere Clara von Zweigberg z\u012bmolam Hay. Kr\u0101sain\u0101s un da\u017e\u0101da izm\u0113ra papl\u0101tes iesp\u0113jams sakomplekt\u0113t nebeidzam\u0101s vari\u0101cij\u0101s. Ar\u012b pielietojums ir pla\u0161s, no \u0113diena serv\u0113\u0161anas l\u012bdz rotaslietu un sp\u0113\u013cu uzglab\u0101\u0161anai.<br \/>\nHAY dibin\u0101ts 2002.gad\u0101 un nu jau tas k\u013cuvis par vienu no atpaz\u012bstam\u0101kajiem D\u0101nijas z\u012bmoliem, kas izce\u013cas ar modenu dizainu un pieejamu cenu. HAY m\u0113beles apvieno pag\u0101ju\u0161\u0101 gadsimta stilu un inov\u0101cijas m\u016bsdienu vari\u0101cij\u0101s.<\/p>\n","protected":false},"excerpt":{"rendered":"<p><img loading=\"lazy\" decoding=\"async\" alt=\"Hay logo new\" src=\"http:\/\/www.xcelsiorselection.com\/wp-content\/uploads\/2016\/02\/Hay-logo-new1.jpg\" width=\"138\" height=\"53\" \/><\/p>\n<p>Ra\u017eot\u0101js: HAY<br \/>\nMateri\u0101ls: t\u0113rauds<br \/>\nKr\u0101sas: dzeltena, oke\u0101na zila, oran\u017ea, tum\u0161i zila, sarkana<br \/>\nIzm\u0113rs: 19 x 11 cm<\/p>\n","protected":false},"featured_media":49246,"comment_status":"closed","ping_status":"closed","template":"","meta":[],"_links":{"self":[{"href":"https:\/\/www.xcelsiorselection.com\/lv\/wp-json\/wp\/v2\/product\/49283\/"}],"collection":[{"href":"https:\/\/www.xcelsiorselection.com\/lv\/wp-json\/wp\/v2\/product\/"}],"about":[{"href":"https:\/\/www.xcelsiorselection.com\/lv\/wp-json\/wp\/v2\/types\/product\/"}],"replies":[{"embeddable":true,"href":"https:\/\/www.xcelsiorselection.com\/lv\/wp-json\/wp\/v2\/comments\/?post=49283"}],"wp:featuredmedia":[{"embeddable":true,"href":"https:\/\/www.xcelsiorselection.com\/lv\/wp-json\/wp\/v2\/media\/49246\/"}],"wp:attachment":[{"href":"https:\/\/www.xcelsiorselection.com\/lv\/wp-json\/wp\/v2\/media\/?parent=49283"}],"curies":[{"name":"wp","href":"https:\/\/api.w.org\/{rel}","templated":true}]}}