

{"id":49399,"date":"2017-12-29T20:41:35","date_gmt":"2017-12-29T18:41:35","guid":{"rendered":"http:\/\/www.xcelsiorselection.com\/product\/dollhouse-mini-wood-2\/"},"modified":"2017-12-29T22:04:35","modified_gmt":"2017-12-29T20:04:35","slug":"dollhouse-mini-wood","status":"publish","type":"product","link":"https:\/\/www.xcelsiorselection.com\/lv\/product\/dollhouse-mini-wood\/","title":{"rendered":"Boomini Le\u013c\u013cu m\u0101ja Mini"},"content":{"rendered":"<p>Le\u013c\u013cu m\u0101ja\u00a0m\u0113rog\u0101 1:12 ir divreiz maz\u0101ka WOOD mode\u013ca kopija. Ide\u0101la lell\u0113m un m\u012bkstaj\u0101m rota\u013cliet\u0101m l\u012bdz 30 cm. Starptautiskais TUV sertifik\u0101ts garant\u0113 visaugst\u0101ko kvalit\u0101ti un piln\u012bgu lietot\u0101ju dro\u0161\u012bbu. Minim\u0101lisma stila m\u0113beles un mier\u012bgas kr\u0101sas padara \u0161o dizainu aktu\u0101lu da\u017e\u0101dos laikos. Visas m\u0113beles iesp\u0113jams p\u0101rvietot un sak\u0101rtot atbilsto\u0161i sav\u0101m v\u0113lm\u0113m.<\/p>\n<p>Komplekt\u0101 ietilpst:<br \/>\n&#8211; m\u0101jas bloks ar skursteni, logi, izeja uz terasi 150 x 325 x 455 mm<br \/>\n&#8211; terase 120 x 235 x 6 mm<br \/>\n&#8211; k\u0101pnes 60 x 235 x 164 mm<br \/>\n&#8211; dz\u012bvojam\u0101 istaba (kas var b\u016bt ar\u012b gar\u0101\u017ea) 225 x 325 x 170 mm<br \/>\n&#8211; vestibils 75 x 260 x 170 mm<br \/>\nApr\u012bkojums:<br \/>\n&#8211; balta vanna ar st\u0101vo\u0161u \u016bdens mais\u012bt\u0101ju (ni\u0137el\u0113ta t\u0113rauda)<br \/>\n&#8211; zils sols<br \/>\n&#8211; filca gulta<br \/>\n&#8211; virtuves galds ar 2 taburet\u0113m<br \/>\n&#8211; virtuves galds-plaukts<br \/>\n&#8211; zils gr\u0101matu skapis ar 5 plauktiem<br \/>\n&#8211; zils kafijas galdi\u0146\u0161<br \/>\n&#8211; d\u012bv\u0101ngulta, ar pel\u0113ku vilnas filca p\u0101rkl\u0101jumu<br \/>\n&#8211; atp\u016btas kr\u0113sls, ar pel\u0113ku vilnas filca p\u0101rkl\u0101jumu<br \/>\n&#8211; 2 saliekami gu\u013camkr\u0113sli ar regul\u0113jamu augstumu<br \/>\n&#8211; zems terases galds (baltais kubs)<\/p>\n<p>Gan m\u0101jas, gan m\u0113be\u013cu b\u016bve un izpl\u0101no\u0161ana att\u012bsta un pilnveido telpisko izt\u0113li, un rada iesp\u0113ju izveidot telpu atbilsto\u0161i j\u016bsu v\u0113lm\u0113m.<\/p>\n","protected":false},"excerpt":{"rendered":"<p><img loading=\"lazy\" decoding=\"async\" alt=\"Boomini Modern Dollhouses\" src=\"http:\/\/www.store.boomini.com\/img\/boomini-modern-dollhouses-logo-1429822234.jpg\" width=\"168\" height=\"48\" \/><\/p>\n<p>Ra\u017eot\u0101js: Boomini<br \/>\nMateri\u0101ls: sapl\u0101ksnis, koks, audums<br \/>\nM\u0113beles iek\u013cautas<br \/>\nIeteicams b\u0113rniem, kas vec\u0101ki par 3 gadiem<\/p>\n","protected":false},"featured_media":49394,"comment_status":"closed","ping_status":"closed","template":"","meta":[],"_links":{"self":[{"href":"https:\/\/www.xcelsiorselection.com\/lv\/wp-json\/wp\/v2\/product\/49399\/"}],"collection":[{"href":"https:\/\/www.xcelsiorselection.com\/lv\/wp-json\/wp\/v2\/product\/"}],"about":[{"href":"https:\/\/www.xcelsiorselection.com\/lv\/wp-json\/wp\/v2\/types\/product\/"}],"replies":[{"embeddable":true,"href":"https:\/\/www.xcelsiorselection.com\/lv\/wp-json\/wp\/v2\/comments\/?post=49399"}],"wp:featuredmedia":[{"embeddable":true,"href":"https:\/\/www.xcelsiorselection.com\/lv\/wp-json\/wp\/v2\/media\/49394\/"}],"wp:attachment":[{"href":"https:\/\/www.xcelsiorselection.com\/lv\/wp-json\/wp\/v2\/media\/?parent=49399"}],"curies":[{"name":"wp","href":"https:\/\/api.w.org\/{rel}","templated":true}]}}