

{"id":49430,"date":"2017-12-29T21:37:46","date_gmt":"2017-12-29T19:37:46","guid":{"rendered":"http:\/\/www.xcelsiorselection.com\/product\/boomini-wood-2\/"},"modified":"2017-12-29T22:00:22","modified_gmt":"2017-12-29T20:00:22","slug":"boomini-wood","status":"publish","type":"product","link":"https:\/\/www.xcelsiorselection.com\/lv\/product\/boomini-wood\/","title":{"rendered":"Boomini Le\u013c\u013cu m\u0101ja"},"content":{"rendered":"<p>Modul\u0101ra le\u013c\u013cu m\u0101ja no z\u012bmola Boomini. Starptautiskais TUV sertifik\u0101ts garant\u0113 visaugst\u0101ko kvalit\u0101ti un piln\u012bgu lietot\u0101ju dro\u0161\u012bbu. Minim\u0101lisma stila m\u0113beles un mier\u012bgas kr\u0101sas padara \u0161o dizainu aktu\u0101lu da\u017e\u0101dos laikos. Visas m\u0113beles iesp\u0113jams p\u0101rvietot un sak\u0101rtot atbilsto\u0161i sav\u0101m v\u0113lm\u0113m.<br \/>\nJ\u016bsu Boomini komplekts sast\u0101v no \u0161\u0101diem elementiem:<br \/>\n1.le\u013c\u013cu nami\u0146\u0161 (4 atsevi\u0161\u0137i gabali: liela m\u0101ja, pievienot\u0101 dz\u012bvojam\u0101 istaba, k\u0101pnes un terase)<br \/>\n2.apr\u012bkojums<\/p>\n<p>Iek\u0101rtas:<br \/>\nbalta vanni\u0146a ar st\u0101vo\u0161u \u016bdens mais\u012bt\u0101ju (ni\u0137el\u0113ta t\u0113rauda)<br \/>\nzils sols<br \/>\nfilca gulta<br \/>\n3 zilu spilvenu komplekts<br \/>\nvirtuves galds ar 2 taburet\u0113m<br \/>\nvirtuves galds-plaukts<br \/>\nzils gr\u0101matu skapis ar 5 plauktiem<br \/>\nzils kafijas galdi\u0146\u0161<br \/>\nd\u012bv\u0101ns, ar pel\u0113ku vilnas filca p\u0101rkl\u0101jumu + 2 spilveni<br \/>\nkr\u0113sls un k\u0101ju aksesu\u0101rs un 1 spilvenu<br \/>\n2 saliekami gu\u013camkr\u0113sli ar regul\u0113jamu augstumu<br \/>\nzems terases galds (balts kubs)<br \/>\nmini gr\u0101matu un \u017eurn\u0101lu komplekts<\/p>\n","protected":false},"excerpt":{"rendered":"<p><img loading=\"lazy\" decoding=\"async\" alt=\"Boomini Modern Dollhouses\" src=\"http:\/\/www.store.boomini.com\/img\/boomini-modern-dollhouses-logo-1429822234.jpg\" width=\"168\" height=\"48\" \/><\/p>\n<p>Ra\u017eot\u0101js: Boomini<br \/>\nMateri\u0101ls: sapl\u0101ksnis, koks, audums<br \/>\nM\u0113beles iek\u013cautas<br \/>\nIeteicams b\u0113rniem, kas vec\u0101ki par 3 gadiem<\/p>\n","protected":false},"featured_media":49421,"comment_status":"closed","ping_status":"closed","template":"","meta":[],"_links":{"self":[{"href":"https:\/\/www.xcelsiorselection.com\/lv\/wp-json\/wp\/v2\/product\/49430\/"}],"collection":[{"href":"https:\/\/www.xcelsiorselection.com\/lv\/wp-json\/wp\/v2\/product\/"}],"about":[{"href":"https:\/\/www.xcelsiorselection.com\/lv\/wp-json\/wp\/v2\/types\/product\/"}],"replies":[{"embeddable":true,"href":"https:\/\/www.xcelsiorselection.com\/lv\/wp-json\/wp\/v2\/comments\/?post=49430"}],"wp:featuredmedia":[{"embeddable":true,"href":"https:\/\/www.xcelsiorselection.com\/lv\/wp-json\/wp\/v2\/media\/49421\/"}],"wp:attachment":[{"href":"https:\/\/www.xcelsiorselection.com\/lv\/wp-json\/wp\/v2\/media\/?parent=49430"}],"curies":[{"name":"wp","href":"https:\/\/api.w.org\/{rel}","templated":true}]}}