

{"id":49467,"date":"2017-12-30T15:00:36","date_gmt":"2017-12-30T13:00:36","guid":{"rendered":"http:\/\/www.xcelsiorselection.com\/product\/plum-moscow-mule-x2-2\/"},"modified":"2017-12-30T15:07:50","modified_gmt":"2017-12-30T13:07:50","slug":"plum-moscow-mule-x2","status":"publish","type":"product","link":"https:\/\/www.xcelsiorselection.com\/lv\/product\/plum-moscow-mule-x2\/","title":{"rendered":"Plum Moscow gl\u0101zes x2"},"content":{"rendered":"<p>Serv\u0113 neaizmirstamus dz\u0113rienus ar greznuma pieska\u0146u! Divu gl\u0101\u017eu komplekts no Tom Dixon aktu\u0101laj\u0101 vara kr\u0101s\u0101. Lieliski sader\u0113s kop\u0101 ar citiem Plum kolekcijas piederumiem.<br \/>\nToma Diksona v\u0101rds \u0161odien ir viens no ska\u013c\u0101kajiem ne tikai dzimtaj\u0101 Lielbrit\u0101nij\u0101, bet vis\u0101 dizaina pasaul\u0113. Karjeru Toms s\u0101ka asto\u0146desmitajos, piem\u0101jas gar\u0101\u017e\u0101, par m\u0113bel\u0113m p\u0101rv\u0113r\u0161ot vecu automobi\u013cu deta\u013cas. Jaun\u0101 met\u0101lm\u0101kslinieka darbus iev\u0113roja Cappellini r\u016bpn\u012bcas \u012bpa\u0161nieks, kur\u0161 aicin\u0101ja pievienoties vi\u0146u savai komandai. Jau 2002. gad\u0101 <em>Tom Dixon<\/em> v\u0101rd\u0101 tika nosaukta vi\u0146a pa\u0161a dibin\u0101ts dizaina z\u012bmols.<\/p>\n","protected":false},"excerpt":{"rendered":"<p><img loading=\"lazy\" decoding=\"async\" alt=\"tom dixon logo\" src=\"http:\/\/www.xcelsiorselection.com\/wp-content\/uploads\/2016\/06\/tomlogo2-1232x600.png\" width=\"224\" height=\"108\" \/><br \/>\nRa\u017eot\u0101js: Tom Dixon<br \/>\nMateri\u0101ls: ner\u016bs\u0113jo\u0161ais t\u0113rauds<br \/>\nKr\u0101sa: vara<br \/>\nIzm\u0113ri: \u00f8 8 x 11 cm<\/p>\n","protected":false},"featured_media":49462,"comment_status":"closed","ping_status":"closed","template":"","meta":[],"_links":{"self":[{"href":"https:\/\/www.xcelsiorselection.com\/lv\/wp-json\/wp\/v2\/product\/49467\/"}],"collection":[{"href":"https:\/\/www.xcelsiorselection.com\/lv\/wp-json\/wp\/v2\/product\/"}],"about":[{"href":"https:\/\/www.xcelsiorselection.com\/lv\/wp-json\/wp\/v2\/types\/product\/"}],"replies":[{"embeddable":true,"href":"https:\/\/www.xcelsiorselection.com\/lv\/wp-json\/wp\/v2\/comments\/?post=49467"}],"wp:featuredmedia":[{"embeddable":true,"href":"https:\/\/www.xcelsiorselection.com\/lv\/wp-json\/wp\/v2\/media\/49462\/"}],"wp:attachment":[{"href":"https:\/\/www.xcelsiorselection.com\/lv\/wp-json\/wp\/v2\/media\/?parent=49467"}],"curies":[{"name":"wp","href":"https:\/\/api.w.org\/{rel}","templated":true}]}}