

{"id":49495,"date":"2017-12-30T19:22:31","date_gmt":"2017-12-30T17:22:31","guid":{"rendered":"http:\/\/www.xcelsiorselection.com\/product\/tank-bud-vase-2\/"},"modified":"2017-12-30T19:26:25","modified_gmt":"2017-12-30T17:26:25","slug":"tank-bud-vase","status":"publish","type":"product","link":"https:\/\/www.xcelsiorselection.com\/lv\/product\/tank-bud-vase\/","title":{"rendered":"Tank Bud v\u0101ze"},"content":{"rendered":"<p>Elegant\u0101s proporcij\u0101s un t\u012br\u0101s l\u012bnij\u0101s veidota, <em>Tank<\/em> v\u0101ze ir p\u016bsta no stikla. \u0160\u012b v\u0101ze izcels un akcent\u0113s mazas ziedu bu\u0137etes, t\u0101pat v\u0101ze lieliski izskat\u012bsies ar\u012b bez tiem. Kolekcij\u0101 <em>Tank<\/em> iek\u013cautas da\u017e\u0101da veida v\u0101zes, gl\u0101zes un karafes, kas pasniegtas skaist\u0101s k\u0101rb\u0101s \u2013 gatavas d\u0101vin\u0101\u0161anai!.<br \/>\nToma Diksona v\u0101rds \u0161odien ir viens no ska\u013c\u0101kajiem ne tikai dzimtaj\u0101 Lielbrit\u0101nij\u0101, bet vis\u0101 dizaina pasaul\u0113. Karjeru Toms s\u0101ka asto\u0146desmitajos, piem\u0101jas gar\u0101\u017e\u0101, par m\u0113bel\u0113m p\u0101rv\u0113r\u0161ot vecu automobi\u013cu deta\u013cas. Jaun\u0101 met\u0101lm\u0101kslinieka darbus iev\u0113roja Cappellini r\u016bpn\u012bcas \u012bpa\u0161nieks, kur\u0161 aicin\u0101ja pievienoties vi\u0146u savai komandai. Jau 2002. gad\u0101 <em>Tom Dixon<\/em> v\u0101rd\u0101 tika nosaukta vi\u0146a pa\u0161a dibin\u0101ts dizaina z\u012bmols.<\/p>\n","protected":false},"excerpt":{"rendered":"<p><img loading=\"lazy\" decoding=\"async\" alt=\"tom dixon logo\" src=\"http:\/\/www.xcelsiorselection.com\/wp-content\/uploads\/2016\/06\/tomlogo2-1232x600.png\" width=\"224\" height=\"108\" \/><br \/>\nRa\u017eot\u0101js: Tom Dixon<br \/>\nMateri\u0101ls: ar muti p\u016bstais stikls<br \/>\nIzm\u0113ri:\u00a0\u00f8 11 x 13 cm<\/p>\n","protected":false},"featured_media":49492,"comment_status":"closed","ping_status":"closed","template":"","meta":[],"_links":{"self":[{"href":"https:\/\/www.xcelsiorselection.com\/lv\/wp-json\/wp\/v2\/product\/49495\/"}],"collection":[{"href":"https:\/\/www.xcelsiorselection.com\/lv\/wp-json\/wp\/v2\/product\/"}],"about":[{"href":"https:\/\/www.xcelsiorselection.com\/lv\/wp-json\/wp\/v2\/types\/product\/"}],"replies":[{"embeddable":true,"href":"https:\/\/www.xcelsiorselection.com\/lv\/wp-json\/wp\/v2\/comments\/?post=49495"}],"wp:featuredmedia":[{"embeddable":true,"href":"https:\/\/www.xcelsiorselection.com\/lv\/wp-json\/wp\/v2\/media\/49492\/"}],"wp:attachment":[{"href":"https:\/\/www.xcelsiorselection.com\/lv\/wp-json\/wp\/v2\/media\/?parent=49495"}],"curies":[{"name":"wp","href":"https:\/\/api.w.org\/{rel}","templated":true}]}}