

{"id":49502,"date":"2017-12-30T19:37:36","date_gmt":"2017-12-30T17:37:36","guid":{"rendered":"http:\/\/www.xcelsiorselection.com\/product\/tank-high-ball-glasses-x2-2\/"},"modified":"2017-12-30T20:01:06","modified_gmt":"2017-12-30T18:01:06","slug":"tank-high-ball-glasses-x2","status":"publish","type":"product","link":"https:\/\/www.xcelsiorselection.com\/lv\/product\/tank-high-ball-glasses-x2\/","title":{"rendered":"Tank High Ball gl\u0101zes x2"},"content":{"rendered":"<p>Gl\u0101zes <em>Tank High Ball<\/em> tiek p\u0101rdotas komplekt\u0101 pa 2. Ar muti p\u016bstais stikls apvienots ar vara kr\u0101sas glenojumu gl\u0101\u017eu apak\u0161da\u013c\u0101, l\u012bdzigi k\u0101 p\u0101r\u0113j\u0101 <em>Tank<\/em> kolekcij\u0101. Gl\u0101\u017eu iepakojums piem\u0113rots, lai t\u0101s pasniegtu k\u0101 d\u0101vanu.<br \/>\nToma Diksona v\u0101rds \u0161odien ir viens no ska\u013c\u0101kajiem ne tikai dzimtaj\u0101 Lielbrit\u0101nij\u0101, bet vis\u0101 dizaina pasaul\u0113. Karjeru Toms s\u0101ka asto\u0146desmitajos, piem\u0101jas gar\u0101\u017e\u0101, par m\u0113bel\u0113m p\u0101rv\u0113r\u0161ot vecu automobi\u013cu deta\u013cas. Jaun\u0101 met\u0101lm\u0101kslinieka darbus iev\u0113roja Cappellini r\u016bpn\u012bcas \u012bpa\u0161nieks, kur\u0161 aicin\u0101ja pievienoties vi\u0146u savai komandai. Jau 2002. gad\u0101 <em>Tom Dixon<\/em> v\u0101rd\u0101 tika nosaukta vi\u0146a pa\u0161a dibin\u0101ts dizaina z\u012bmols.<\/p>\n","protected":false},"excerpt":{"rendered":"<p><img loading=\"lazy\" decoding=\"async\" alt=\"tom dixon logo\" src=\"http:\/\/www.xcelsiorselection.com\/wp-content\/uploads\/2016\/06\/tomlogo2-1232x600.png\" width=\"224\" height=\"108\" \/><br \/>\nRa\u017eot\u0101js: Tom Dixon<br \/>\nMateri\u0101ls: stikls<br \/>\nIzm\u0113ri: \u00d8 8 x 16,5 cm<br \/>\nKomplekt\u0101 2 gl\u0101zes<\/p>\n","protected":false},"featured_media":49500,"comment_status":"closed","ping_status":"closed","template":"","meta":[],"_links":{"self":[{"href":"https:\/\/www.xcelsiorselection.com\/lv\/wp-json\/wp\/v2\/product\/49502\/"}],"collection":[{"href":"https:\/\/www.xcelsiorselection.com\/lv\/wp-json\/wp\/v2\/product\/"}],"about":[{"href":"https:\/\/www.xcelsiorselection.com\/lv\/wp-json\/wp\/v2\/types\/product\/"}],"replies":[{"embeddable":true,"href":"https:\/\/www.xcelsiorselection.com\/lv\/wp-json\/wp\/v2\/comments\/?post=49502"}],"wp:featuredmedia":[{"embeddable":true,"href":"https:\/\/www.xcelsiorselection.com\/lv\/wp-json\/wp\/v2\/media\/49500\/"}],"wp:attachment":[{"href":"https:\/\/www.xcelsiorselection.com\/lv\/wp-json\/wp\/v2\/media\/?parent=49502"}],"curies":[{"name":"wp","href":"https:\/\/api.w.org\/{rel}","templated":true}]}}