

{"id":49666,"date":"2018-01-04T14:45:30","date_gmt":"2018-01-04T12:45:30","guid":{"rendered":"http:\/\/www.xcelsiorselection.com\/product\/eclectic-london-candle-medium-2\/"},"modified":"2018-01-04T15:05:35","modified_gmt":"2018-01-04T13:05:35","slug":"eclectic-london-candle-medium","status":"publish","type":"product","link":"https:\/\/www.xcelsiorselection.com\/lv\/product\/eclectic-london-candle-medium\/","title":{"rendered":"Eclectic London svece, vid\u0113ja"},"content":{"rendered":"<div id=\"tab-description\">\n<p>Sveces London smar\u017ea asoci\u0113jas ar sarkanajiem kie\u0123e\u013ciem un Londonas parkiem kuros aug krokosi un n\u0101tres, t\u0101pat ar\u012b s\u0101\u013c\u0101 Temzas upes smar\u017ea Dagenham\u0101. Svece grezn\u0101 vara trauk\u0101 ar marmora v\u0101ku, deg\u0161anas laiks \u2013 50 stundas. S\u0101kuma notis: melnie pipari, sirds notis \u2013 oud-koks un vetiv\u0113rijs, b\u0101ze \u2013 cedar-koks un pa\u010d\u016blija.<br \/>\nToma Diksona v\u0101rds \u0161odien ir viens no ska\u013c\u0101kajiem ne tikai dzimtaj\u0101 Lielbrit\u0101nij\u0101, bet vis\u0101 dizaina pasaul\u0113. Karjeru Toms s\u0101ka asto\u0146desmitajos, piem\u0101jas gar\u0101\u017e\u0101, par m\u0113bel\u0113m p\u0101rv\u0113r\u0161ot vecu automobi\u013cu deta\u013cas. Jaun\u0101 met\u0101lm\u0101kslinieka darbus iev\u0113roja Cappellini r\u016bpn\u012bcas \u012bpa\u0161nieks, kur\u0161 aicin\u0101ja pievienoties vi\u0146u savai komandai. Jau 2002. gad\u0101 <em>Tom Dixon<\/em> v\u0101rd\u0101 tika nosaukta vi\u0146a pa\u0161a dibin\u0101ts dizaina z\u012bmols.<\/p>\n<\/div>\n","protected":false},"excerpt":{"rendered":"<p><img loading=\"lazy\" decoding=\"async\" alt=\"tom dixon logo\" src=\"http:\/\/www.xcelsiorselection.com\/wp-content\/uploads\/2016\/06\/tomlogo2-1232x600.png\" width=\"224\" height=\"108\" \/><br \/>\nRa\u017eot\u0101js: Tom Dixon<br \/>\nMateri\u0101ls: var\u0161, dab\u012bgs vaska mais\u012bjums, marmors<br \/>\nIzm\u0113ri: \u00f8 8,5 x 8 cm<\/p>\n","protected":false},"featured_media":49664,"comment_status":"closed","ping_status":"closed","template":"","meta":[],"_links":{"self":[{"href":"https:\/\/www.xcelsiorselection.com\/lv\/wp-json\/wp\/v2\/product\/49666\/"}],"collection":[{"href":"https:\/\/www.xcelsiorselection.com\/lv\/wp-json\/wp\/v2\/product\/"}],"about":[{"href":"https:\/\/www.xcelsiorselection.com\/lv\/wp-json\/wp\/v2\/types\/product\/"}],"replies":[{"embeddable":true,"href":"https:\/\/www.xcelsiorselection.com\/lv\/wp-json\/wp\/v2\/comments\/?post=49666"}],"wp:featuredmedia":[{"embeddable":true,"href":"https:\/\/www.xcelsiorselection.com\/lv\/wp-json\/wp\/v2\/media\/49664\/"}],"wp:attachment":[{"href":"https:\/\/www.xcelsiorselection.com\/lv\/wp-json\/wp\/v2\/media\/?parent=49666"}],"curies":[{"name":"wp","href":"https:\/\/api.w.org\/{rel}","templated":true}]}}