

{"id":49685,"date":"2018-01-04T15:34:01","date_gmt":"2018-01-04T13:34:01","guid":{"rendered":"http:\/\/www.xcelsiorselection.com\/product\/eclectic-orientalist-candle-medium-2\/"},"modified":"2018-01-04T15:41:37","modified_gmt":"2018-01-04T13:41:37","slug":"eclectic-orientalist-candle-medium","status":"publish","type":"product","link":"https:\/\/www.xcelsiorselection.com\/lv\/product\/eclectic-orientalist-candle-medium\/","title":{"rendered":"Eclectic Orientalist svece, vid\u0113ja"},"content":{"rendered":"<p>Sveces Orientalist smar\u017ea asoci\u0113jas ar indie\u0161u k\u0101z\u0101m &#8211; ro\u017elapi\u0146u virten\u0113m un milz\u012bg\u0101m kan\u0113\u013ca standzi\u0146\u0101m, k\u0101 ar\u012b pludmali un muskusa smar\u017e\u0101m. Svece grezn\u0101 misi\u0146a trauk\u0101 ar marmora v\u0101ku, deg\u0161anas laiks \u2013 50 stundas. S\u0101kuma notis &#8211; cassis, vijol\u012btes, sirds notis \u2013 roze, magnolija, ger\u0101nija, kan\u0113lis un krustnagli\u0146a, b\u0101ze \u2013 pa\u010d\u016blija, dzintars un muskuss.<br \/>\n\u0160\u012bs sveces tiek ra\u017eotas Lielbrit\u0101nij\u0101 no 50% dabisku sast\u0101vda\u013cu (50% dab\u012bg\u0101s sojas, 50% paraf\u012bna vaska)\u00a0 satur 10% smar\u017eu, kas ir daudz augst\u0101ks procents, sal\u012bdzinot ar standartu 1-3%, tas noz\u012bm\u0113, ka smar\u017ea ir stipr\u0101ka un notur\u012bg\u0101ka.<br \/>\nToma Diksona v\u0101rds \u0161odien ir viens no ska\u013c\u0101kajiem ne tikai dzimtaj\u0101 Lielbrit\u0101nij\u0101, bet vis\u0101 dizaina pasaul\u0113. Karjeru Toms s\u0101ka asto\u0146desmitajos, piem\u0101jas gar\u0101\u017e\u0101, par m\u0113bel\u0113m p\u0101rv\u0113r\u0161ot vecu automobi\u013cu deta\u013cas. Jaun\u0101 met\u0101lm\u0101kslinieka darbus iev\u0113roja Cappellini r\u016bpn\u012bcas \u012bpa\u0161nieks, kur\u0161 aicin\u0101ja pievienoties vi\u0146u savai komandai. Jau 2002. gad\u0101 <em>Tom Dixon<\/em> v\u0101rd\u0101 tika nosaukta vi\u0146a pa\u0161a dibin\u0101ts dizaina z\u012bmols.<\/p>\n","protected":false},"excerpt":{"rendered":"<p><img loading=\"lazy\" decoding=\"async\" alt=\"tom dixon logo\" src=\"http:\/\/www.xcelsiorselection.com\/wp-content\/uploads\/2016\/06\/tomlogo2-1232x600.png\" width=\"224\" height=\"108\" \/><br \/>\nRa\u017eot\u0101js: Tom Dixon<br \/>\nMateri\u0101ls: misi\u0146\u0161, dab\u012bgs vaska mais\u012bjums, marmors<br \/>\nIzm\u0113ri: \u00f8 8,5 x 8 cm<\/p>\n","protected":false},"featured_media":49680,"comment_status":"closed","ping_status":"closed","template":"","meta":[],"_links":{"self":[{"href":"https:\/\/www.xcelsiorselection.com\/lv\/wp-json\/wp\/v2\/product\/49685\/"}],"collection":[{"href":"https:\/\/www.xcelsiorselection.com\/lv\/wp-json\/wp\/v2\/product\/"}],"about":[{"href":"https:\/\/www.xcelsiorselection.com\/lv\/wp-json\/wp\/v2\/types\/product\/"}],"replies":[{"embeddable":true,"href":"https:\/\/www.xcelsiorselection.com\/lv\/wp-json\/wp\/v2\/comments\/?post=49685"}],"wp:featuredmedia":[{"embeddable":true,"href":"https:\/\/www.xcelsiorselection.com\/lv\/wp-json\/wp\/v2\/media\/49680\/"}],"wp:attachment":[{"href":"https:\/\/www.xcelsiorselection.com\/lv\/wp-json\/wp\/v2\/media\/?parent=49685"}],"curies":[{"name":"wp","href":"https:\/\/api.w.org\/{rel}","templated":true}]}}