

{"id":50197,"date":"2018-01-13T16:39:34","date_gmt":"2018-01-13T14:39:34","guid":{"rendered":"http:\/\/www.xcelsiorselection.com\/product\/loop-2\/"},"modified":"2018-01-13T16:49:27","modified_gmt":"2018-01-13T14:49:27","slug":"loop","status":"publish","type":"product","link":"https:\/\/www.xcelsiorselection.com\/lv\/product\/loop\/","title":{"rendered":"Loop"},"content":{"rendered":"<p>Gaismeklis Loop apvieno unik\u0101lu un ma\u0123isku skaistumu, ar modern\u0101ko LED tehnolo\u0123iju. Loop gaismeklis ir slaids un viegls, izgatavots no ner\u016bs\u0113jo\u0161\u0101 t\u0113rauda stieples. LED punktu iesp\u0113jams groz\u012bt\u00a0 360 \u00b0 gr\u0101dos, cauri horizont\u0101lajai asij.<\/p>\n","protected":false},"excerpt":{"rendered":"<p><img loading=\"lazy\" decoding=\"async\" alt=\"Att\u0113lu rezult\u0101ti vaic\u0101jumam \u201cingo maurer logo\u201d\" src=\"https:\/\/cdn.stylepark.com\/manufacturers\/i\/ingo-maurer\/ingo-maurer-logo.jpg\" width=\"235\" height=\"24\" \/><\/p>\n<p>Ra\u017eot\u0101js: Ingo Maurer<br \/>\nDizains: Michel Sempels, 2015<br \/>\nMateri\u0101ls: ner\u016bs\u0113jo\u0161ais t\u0113rauds, misi\u0146\u0161, alum\u012bnijs, plastmasa<br \/>\nJauda: LED 4 W<\/p>\n","protected":false},"featured_media":50195,"comment_status":"closed","ping_status":"closed","template":"","meta":[],"_links":{"self":[{"href":"https:\/\/www.xcelsiorselection.com\/lv\/wp-json\/wp\/v2\/product\/50197\/"}],"collection":[{"href":"https:\/\/www.xcelsiorselection.com\/lv\/wp-json\/wp\/v2\/product\/"}],"about":[{"href":"https:\/\/www.xcelsiorselection.com\/lv\/wp-json\/wp\/v2\/types\/product\/"}],"replies":[{"embeddable":true,"href":"https:\/\/www.xcelsiorselection.com\/lv\/wp-json\/wp\/v2\/comments\/?post=50197"}],"wp:featuredmedia":[{"embeddable":true,"href":"https:\/\/www.xcelsiorselection.com\/lv\/wp-json\/wp\/v2\/media\/50195\/"}],"wp:attachment":[{"href":"https:\/\/www.xcelsiorselection.com\/lv\/wp-json\/wp\/v2\/media\/?parent=50197"}],"curies":[{"name":"wp","href":"https:\/\/api.w.org\/{rel}","templated":true}]}}