

{"id":50378,"date":"2018-01-15T22:52:08","date_gmt":"2018-01-15T20:52:08","guid":{"rendered":"http:\/\/www.xcelsiorselection.com\/product\/maki-suspension-2\/"},"modified":"2018-01-15T23:06:21","modified_gmt":"2018-01-15T21:06:21","slug":"maki-suspension","status":"publish","type":"product","link":"https:\/\/www.xcelsiorselection.com\/lv\/product\/maki-suspension\/","title":{"rendered":"Maki suspension"},"content":{"rendered":"<p>Pa\u0146emiet divas pap\u012bra loksnes un salieciet t\u0101s kop\u0101, izveidojot kaut ko l\u012bdz\u012bgu j\u016bras glieme\u017ev\u0101kam vai ziedam &#8230; intuit\u012bvs un po\u0113tisks objekts. Neliela suspensijas gaisma lakot\u0101 alum\u012bnij\u0101, pieejama div\u0101s kr\u0101s\u0101s: klasiska balta un silti pel\u0113ka. Gaismeklis nodro\u0161ina tie\u0161u un prec\u012bzu gaismu. Lai uzzin\u0101tu vair\u0101k, l\u016bdzu, sazinieties ar mums rakstot vai zvanot!<\/p>\n","protected":false},"excerpt":{"rendered":"<p><img loading=\"lazy\" decoding=\"async\" alt=\"LogoFoscarini_rosso\" src=\"http:\/\/www.xcelsiorselection.com\/wp-content\/uploads\/2015\/06\/LogoFoscarini_rosso-1849x600.jpg\" width=\"140\" height=\"45\" \/><\/p>\n<p>Ra\u017eot\u0101js: Foscarini<br \/>\nDizains: Nendo, 2011<br \/>\nKr\u0101sa: balta, pel\u0113ka<br \/>\nJauda: LED 1x4W<\/p>\n","protected":false},"featured_media":50370,"comment_status":"closed","ping_status":"closed","template":"","meta":[],"_links":{"self":[{"href":"https:\/\/www.xcelsiorselection.com\/lv\/wp-json\/wp\/v2\/product\/50378\/"}],"collection":[{"href":"https:\/\/www.xcelsiorselection.com\/lv\/wp-json\/wp\/v2\/product\/"}],"about":[{"href":"https:\/\/www.xcelsiorselection.com\/lv\/wp-json\/wp\/v2\/types\/product\/"}],"replies":[{"embeddable":true,"href":"https:\/\/www.xcelsiorselection.com\/lv\/wp-json\/wp\/v2\/comments\/?post=50378"}],"wp:featuredmedia":[{"embeddable":true,"href":"https:\/\/www.xcelsiorselection.com\/lv\/wp-json\/wp\/v2\/media\/50370\/"}],"wp:attachment":[{"href":"https:\/\/www.xcelsiorselection.com\/lv\/wp-json\/wp\/v2\/media\/?parent=50378"}],"curies":[{"name":"wp","href":"https:\/\/api.w.org\/{rel}","templated":true}]}}