

{"id":50417,"date":"2018-01-16T00:25:04","date_gmt":"2018-01-15T22:25:04","guid":{"rendered":"http:\/\/www.xcelsiorselection.com\/product\/behive-2\/"},"modified":"2018-01-16T00:49:31","modified_gmt":"2018-01-15T22:49:31","slug":"behive","status":"publish","type":"product","link":"https:\/\/www.xcelsiorselection.com\/lv\/product\/behive\/","title":{"rendered":"Behive"},"content":{"rendered":"<p>Behive gaismeklis pied\u0101v\u0101 siltu gaismu, kas v\u0113rsta uz leju. Iek\u0161pus\u0113 eso\u0161ais dif\u016bzeria ekr\u0101ns sl\u0113pj tehnisk\u0101s deta\u013cas un \u013cauj gaismas avotam br\u012bvi izstarot gaismu uz leju. \u012apa\u0161ais gredzenu grafiskais raksts apvienojum\u0101 ar gaismu rada rota\u013c\u012bgu kontrastu.<\/p>\n","protected":false},"excerpt":{"rendered":"<p><img loading=\"lazy\" decoding=\"async\" alt=\"LogoFoscarini_rosso\" src=\"http:\/\/www.xcelsiorselection.com\/wp-content\/uploads\/2015\/06\/LogoFoscarini_rosso-1849x600.jpg\" width=\"140\" height=\"45\" \/><\/p>\n<p>Ra\u017eot\u0101js: Foscarini<br \/>\nDizains: Werner Aisslinger<br \/>\nMateri\u0101ls: polikarbon\u0101ts, ABS<br \/>\nKr\u0101sa: balta<br \/>\nIzm\u0113rs: \u00f839 x 39 cm<br \/>\nJauda: 25W \/ 150W<\/p>\n","protected":false},"featured_media":50412,"comment_status":"closed","ping_status":"closed","template":"","meta":[],"_links":{"self":[{"href":"https:\/\/www.xcelsiorselection.com\/lv\/wp-json\/wp\/v2\/product\/50417\/"}],"collection":[{"href":"https:\/\/www.xcelsiorselection.com\/lv\/wp-json\/wp\/v2\/product\/"}],"about":[{"href":"https:\/\/www.xcelsiorselection.com\/lv\/wp-json\/wp\/v2\/types\/product\/"}],"replies":[{"embeddable":true,"href":"https:\/\/www.xcelsiorselection.com\/lv\/wp-json\/wp\/v2\/comments\/?post=50417"}],"wp:featuredmedia":[{"embeddable":true,"href":"https:\/\/www.xcelsiorselection.com\/lv\/wp-json\/wp\/v2\/media\/50412\/"}],"wp:attachment":[{"href":"https:\/\/www.xcelsiorselection.com\/lv\/wp-json\/wp\/v2\/media\/?parent=50417"}],"curies":[{"name":"wp","href":"https:\/\/api.w.org\/{rel}","templated":true}]}}