

{"id":50444,"date":"2018-01-16T01:21:32","date_gmt":"2018-01-15T23:21:32","guid":{"rendered":"http:\/\/www.xcelsiorselection.com\/product\/plass-media-2\/"},"modified":"2018-01-18T20:20:50","modified_gmt":"2018-01-18T18:20:50","slug":"plass-media","status":"publish","type":"product","link":"https:\/\/www.xcelsiorselection.com\/lv\/product\/plass-media\/","title":{"rendered":"Plass media"},"content":{"rendered":"<p>Gaismeklis Plass media rada ma\u0123isku gaismu sp\u0113li, pateicoties t\u0101s \u012bpa\u0161ajam dizainam. Gaisma, kas n\u0101k no iek\u0161puses, veido l\u012bniju rakstu. Iesp\u0113jams izv\u0113l\u0113ties starp zilu vai pel\u0113ku toni, katrs no tiem rad\u012bs savu noska\u0146u.<\/p>\n","protected":false},"excerpt":{"rendered":"<p><img loading=\"lazy\" decoding=\"async\" alt=\"LogoFoscarini_rosso\" src=\"http:\/\/www.xcelsiorselection.com\/wp-content\/uploads\/2015\/06\/LogoFoscarini_rosso-1849x600.jpg\" width=\"140\" height=\"45\" \/><\/p>\n<p>Ra\u017eot\u0101js: Foscarini<br \/>\nDizains: Luca Nichetto<br \/>\nMateri\u0101ls: polikarbon\u0101ts, t\u0113rauds<br \/>\nKr\u0101sa: zila, pel\u0113ka<br \/>\nIzm\u0113rs: \u00f834 x 50 cm<br \/>\nJauda: 20W \/ 116W<\/p>\n","protected":false},"featured_media":50431,"comment_status":"closed","ping_status":"closed","template":"","meta":[],"_links":{"self":[{"href":"https:\/\/www.xcelsiorselection.com\/lv\/wp-json\/wp\/v2\/product\/50444\/"}],"collection":[{"href":"https:\/\/www.xcelsiorselection.com\/lv\/wp-json\/wp\/v2\/product\/"}],"about":[{"href":"https:\/\/www.xcelsiorselection.com\/lv\/wp-json\/wp\/v2\/types\/product\/"}],"replies":[{"embeddable":true,"href":"https:\/\/www.xcelsiorselection.com\/lv\/wp-json\/wp\/v2\/comments\/?post=50444"}],"wp:featuredmedia":[{"embeddable":true,"href":"https:\/\/www.xcelsiorselection.com\/lv\/wp-json\/wp\/v2\/media\/50431\/"}],"wp:attachment":[{"href":"https:\/\/www.xcelsiorselection.com\/lv\/wp-json\/wp\/v2\/media\/?parent=50444"}],"curies":[{"name":"wp","href":"https:\/\/api.w.org\/{rel}","templated":true}]}}