

{"id":50586,"date":"2018-01-18T20:52:20","date_gmt":"2018-01-18T18:52:20","guid":{"rendered":"http:\/\/www.xcelsiorselection.com\/product\/lumiere-xxs-table-2\/"},"modified":"2018-01-18T21:10:29","modified_gmt":"2018-01-18T19:10:29","slug":"lumiere-xxs-table","status":"publish","type":"product","link":"https:\/\/www.xcelsiorselection.com\/lv\/product\/lumiere-xxs-table\/","title":{"rendered":"Lumiere xxs galda lampa"},"content":{"rendered":"<p>Tas bija 1990. gads, kad dizainers Rodolfo Dordoni iepaz\u012bstin\u0101ja Foscarini ar izsmalcin\u0101tu, elegantu un rado\u0161u reinterpretu\u0101ciju klasiskajam galda gaismeklim. \u0160aj\u0101 tik\u0161an\u0101s reiz\u0113 dzimia Lumiere. Pirmais Lumiere turpin\u0101ja iedvesmot XXL un XXS versijas &#8211; s\u0101kotn\u0113j\u0101 projekta atk\u0101rtotu interpret\u0101ciju. \u0160odien Lumiere XXL un XXS ir moderniz\u0113tas ar m\u016bsdien\u012bg\u0101m kr\u0101s\u0101m kop\u0101 ar jaunu alum\u012bnija vai meln\u0101 hroma apdari r\u0101mim. Lai uzzin\u0101tu vair\u0101k par kr\u0101s\u0101m un izm\u0113riem, l\u016bdzu, sazinieties ar mums!<\/p>\n","protected":false},"excerpt":{"rendered":"<p><img loading=\"lazy\" decoding=\"async\" alt=\"LogoFoscarini_rosso\" src=\"http:\/\/www.xcelsiorselection.com\/wp-content\/uploads\/2015\/06\/LogoFoscarini_rosso-1849x600.jpg\" width=\"140\" height=\"45\" \/><\/p>\n<p>Ra\u017eot\u0101js: Foscarini<br \/>\nDizains: Rodolfo Dordoni<br \/>\nMateri\u0101ls: stikls, alum\u012bnijs<br \/>\nKr\u0101sa: balta, pel\u0113ka, br\u016bna<br \/>\nIzm\u0113rs: \u00f826 x 40 cm<br \/>\nJauda: 48W<\/p>\n","protected":false},"featured_media":50578,"comment_status":"closed","ping_status":"closed","template":"","meta":[],"_links":{"self":[{"href":"https:\/\/www.xcelsiorselection.com\/lv\/wp-json\/wp\/v2\/product\/50586\/"}],"collection":[{"href":"https:\/\/www.xcelsiorselection.com\/lv\/wp-json\/wp\/v2\/product\/"}],"about":[{"href":"https:\/\/www.xcelsiorselection.com\/lv\/wp-json\/wp\/v2\/types\/product\/"}],"replies":[{"embeddable":true,"href":"https:\/\/www.xcelsiorselection.com\/lv\/wp-json\/wp\/v2\/comments\/?post=50586"}],"wp:featuredmedia":[{"embeddable":true,"href":"https:\/\/www.xcelsiorselection.com\/lv\/wp-json\/wp\/v2\/media\/50578\/"}],"wp:attachment":[{"href":"https:\/\/www.xcelsiorselection.com\/lv\/wp-json\/wp\/v2\/media\/?parent=50586"}],"curies":[{"name":"wp","href":"https:\/\/api.w.org\/{rel}","templated":true}]}}