

{"id":5071,"date":"2014-11-10T14:16:33","date_gmt":"2014-11-10T12:16:33","guid":{"rendered":"http:\/\/www.xcelsiorselection.com\/?post_type=product&#038;p=5071"},"modified":"2014-11-10T14:13:11","modified_gmt":"2014-11-10T12:13:11","slug":"si-time-3510-min-2","status":"publish","type":"product","link":"https:\/\/www.xcelsiorselection.com\/lv\/product\/si-time-3510-min-2\/","title":{"rendered":"Si-time 3\/5\/10 min"},"content":{"rendered":"","protected":false},"excerpt":{"rendered":"<p>Dizains: selab.<br \/>\nLaiks: 3 min, 5 min vai 10 min.<br \/>\nMateri\u0101ls: p\u016bsts stikls, koks, pel\u0113kas smiltis.<br \/>\nIzm\u0113rs: 12,5 x 4, h 12,5 cm.<\/p>\n","protected":false},"featured_media":12606,"comment_status":"closed","ping_status":"closed","template":"","meta":[],"_links":{"self":[{"href":"https:\/\/www.xcelsiorselection.com\/lv\/wp-json\/wp\/v2\/product\/5071\/"}],"collection":[{"href":"https:\/\/www.xcelsiorselection.com\/lv\/wp-json\/wp\/v2\/product\/"}],"about":[{"href":"https:\/\/www.xcelsiorselection.com\/lv\/wp-json\/wp\/v2\/types\/product\/"}],"replies":[{"embeddable":true,"href":"https:\/\/www.xcelsiorselection.com\/lv\/wp-json\/wp\/v2\/comments\/?post=5071"}],"wp:featuredmedia":[{"embeddable":true,"href":"https:\/\/www.xcelsiorselection.com\/lv\/wp-json\/wp\/v2\/media\/12606\/"}],"wp:attachment":[{"href":"https:\/\/www.xcelsiorselection.com\/lv\/wp-json\/wp\/v2\/media\/?parent=5071"}],"curies":[{"name":"wp","href":"https:\/\/api.w.org\/{rel}","templated":true}]}}