

{"id":51986,"date":"2018-02-09T11:34:21","date_gmt":"2018-02-09T09:34:21","guid":{"rendered":"http:\/\/www.xcelsiorselection.com\/product\/monkey-lamp-black-2\/"},"modified":"2018-02-09T11:47:45","modified_gmt":"2018-02-09T09:47:45","slug":"monkey-lamp-black","status":"publish","type":"product","link":"https:\/\/www.xcelsiorselection.com\/lv\/product\/monkey-lamp-black\/","title":{"rendered":"Lampa &#8211; P\u0113rti\u0137is, melna"},"content":{"rendered":"<p>Jauna versija, P\u0113rti\u0137a lampai no z\u012bmola Seletti. Gaismeklis pieejams meln\u0101 kr\u0101s\u0101 un paredz\u0113ts lieto\u0161anai ar\u012b \u0101rpus telp\u0101m!<br \/>\nLampa veidota no rez\u012bna un t\u0101 pieejama \u010detros da\u017e\u0101dos mode\u013cos.<br \/>\nT\u012br\u012b\u0161anai rekomend\u0113jam izmantot m\u012bkstu dr\u0101nu, t\u012br\u012bt nelietojot \u0137\u012bmiskos t\u012br\u012b\u0161anas l\u012bdzek\u013cus<br \/>\nKomplekt\u0101 iek\u013cauta LED spuldze.<\/p>\n","protected":false},"excerpt":{"rendered":"<p><img loading=\"lazy\" decoding=\"async\" alt=\"seletti\" src=\"http:\/\/www.xcelsiorselection.com\/wp-content\/uploads\/2015\/12\/seletti.jpg\" width=\"167\" height=\"36\" \/><\/p>\n<p>Dizains: Seletti<br \/>\nDizaineris: MArcantonio RAimondi MAlerba<br \/>\nMateri\u0101ls: rez\u012bns<br \/>\nKr\u0101sa: melna<br \/>\n230V &#8211; 50 Hz &#8211; E14 &#8211; 2W &#8211; 350 lumeni<\/p>\n","protected":false},"featured_media":51961,"comment_status":"closed","ping_status":"closed","template":"","meta":[],"_links":{"self":[{"href":"https:\/\/www.xcelsiorselection.com\/lv\/wp-json\/wp\/v2\/product\/51986\/"}],"collection":[{"href":"https:\/\/www.xcelsiorselection.com\/lv\/wp-json\/wp\/v2\/product\/"}],"about":[{"href":"https:\/\/www.xcelsiorselection.com\/lv\/wp-json\/wp\/v2\/types\/product\/"}],"replies":[{"embeddable":true,"href":"https:\/\/www.xcelsiorselection.com\/lv\/wp-json\/wp\/v2\/comments\/?post=51986"}],"wp:featuredmedia":[{"embeddable":true,"href":"https:\/\/www.xcelsiorselection.com\/lv\/wp-json\/wp\/v2\/media\/51961\/"}],"wp:attachment":[{"href":"https:\/\/www.xcelsiorselection.com\/lv\/wp-json\/wp\/v2\/media\/?parent=51986"}],"curies":[{"name":"wp","href":"https:\/\/api.w.org\/{rel}","templated":true}]}}