

{"id":5219,"date":"2014-11-10T18:23:52","date_gmt":"2014-11-10T16:23:52","guid":{"rendered":"http:\/\/www.xcelsiorselection.com\/product\/hal-cantilever-2\/"},"modified":"2015-04-24T16:08:14","modified_gmt":"2015-04-24T14:08:14","slug":"hal-cantilever","status":"publish","type":"product","link":"https:\/\/www.xcelsiorselection.com\/lv\/product\/hal-cantilever\/","title":{"rendered":"HAL Cantilever"},"content":{"rendered":"","protected":false},"excerpt":{"rendered":"<p>Ra\u017eot\u0101js: Vitra<br \/>\nDizains: Jasper Morrison, 2010\/2012<br \/>\nIzm\u0113rs: 47 x 49 x 79 cm<br \/>\nKr\u0101sa: balta, melna, za\u013ca, gai\u0161i zila, \u0137ie\u0123e\u013cu, pel\u0113ka, \u0161okol\u0101des, oran\u017ea<br \/>\nMateri\u0101ls: polipropil\u0113ns, hroma b\u0101ze<\/p>\n","protected":false},"featured_media":12579,"comment_status":"closed","ping_status":"closed","template":"","meta":[],"_links":{"self":[{"href":"https:\/\/www.xcelsiorselection.com\/lv\/wp-json\/wp\/v2\/product\/5219\/"}],"collection":[{"href":"https:\/\/www.xcelsiorselection.com\/lv\/wp-json\/wp\/v2\/product\/"}],"about":[{"href":"https:\/\/www.xcelsiorselection.com\/lv\/wp-json\/wp\/v2\/types\/product\/"}],"replies":[{"embeddable":true,"href":"https:\/\/www.xcelsiorselection.com\/lv\/wp-json\/wp\/v2\/comments\/?post=5219"}],"wp:featuredmedia":[{"embeddable":true,"href":"https:\/\/www.xcelsiorselection.com\/lv\/wp-json\/wp\/v2\/media\/12579\/"}],"wp:attachment":[{"href":"https:\/\/www.xcelsiorselection.com\/lv\/wp-json\/wp\/v2\/media\/?parent=5219"}],"curies":[{"name":"wp","href":"https:\/\/api.w.org\/{rel}","templated":true}]}}