

{"id":52251,"date":"2018-02-16T19:08:45","date_gmt":"2018-02-16T17:08:45","guid":{"rendered":"http:\/\/www.xcelsiorselection.com\/product\/diesel-snake-2\/"},"modified":"2018-02-16T19:17:07","modified_gmt":"2018-02-16T17:17:07","slug":"diesel-snake","status":"publish","type":"product","link":"https:\/\/www.xcelsiorselection.com\/lv\/product\/diesel-snake\/","title":{"rendered":"DIESEL \u010c\u016bska"},"content":{"rendered":"<p>Padari telpu intri\u0123\u0113jo\u0161u ar dekorat\u012bvo \u010d\u016bsku no z\u012bmoliem Diesel Living un Seletti. Veidota no alum\u012bnija, \u0161\u012b smalki detaliz\u0113t\u0101 \u010d\u016bska savu iedvesmu\u00a0radusi no \u0161ausmu kult\u016bras. Tu noteikti zini k\u0101du, kura interjer\u0101 \u0161\u012bs dekors izskat\u012btos lieliski!<\/p>\n","protected":false},"excerpt":{"rendered":"<p><img loading=\"lazy\" decoding=\"async\" alt=\"seletti\" src=\"http:\/\/www.xcelsiorselection.com\/wp-content\/uploads\/2015\/12\/seletti.jpg\" width=\"167\" height=\"36\" \/><\/p>\n<p>Ra\u017eot\u0101js: Seletti<br \/>\nDizaineris: Diesel<br \/>\nMateri\u0101ls: alum\u012bnijs<br \/>\nKr\u0101sa: zelts<br \/>\nIzm\u0113rs: 25 x 26 x 43,5 cm<\/p>\n","protected":false},"featured_media":52243,"comment_status":"closed","ping_status":"closed","template":"","meta":[],"_links":{"self":[{"href":"https:\/\/www.xcelsiorselection.com\/lv\/wp-json\/wp\/v2\/product\/52251\/"}],"collection":[{"href":"https:\/\/www.xcelsiorselection.com\/lv\/wp-json\/wp\/v2\/product\/"}],"about":[{"href":"https:\/\/www.xcelsiorselection.com\/lv\/wp-json\/wp\/v2\/types\/product\/"}],"replies":[{"embeddable":true,"href":"https:\/\/www.xcelsiorselection.com\/lv\/wp-json\/wp\/v2\/comments\/?post=52251"}],"wp:featuredmedia":[{"embeddable":true,"href":"https:\/\/www.xcelsiorselection.com\/lv\/wp-json\/wp\/v2\/media\/52243\/"}],"wp:attachment":[{"href":"https:\/\/www.xcelsiorselection.com\/lv\/wp-json\/wp\/v2\/media\/?parent=52251"}],"curies":[{"name":"wp","href":"https:\/\/api.w.org\/{rel}","templated":true}]}}