

{"id":52283,"date":"2018-02-16T20:54:19","date_gmt":"2018-02-16T18:54:19","guid":{"rendered":"http:\/\/www.xcelsiorselection.com\/product\/drinking-glass-large-set-of-3-2\/"},"modified":"2018-02-16T21:04:48","modified_gmt":"2018-02-16T19:04:48","slug":"drinking-glass-large-set-of-3","status":"publish","type":"product","link":"https:\/\/www.xcelsiorselection.com\/lv\/product\/drinking-glass-large-set-of-3\/","title":{"rendered":"Diesel 3 lielo gl\u0101\u017eu komplekts"},"content":{"rendered":"<p>Atsvaidzini savu stikla priek\u0161metu kolekciju, pievienojot interesantos gl\u0101\u017eu mode\u013cus, kurus rad\u012bjis z\u012bmols Seletti sadarb\u012bb\u0101 ar Diesel Living. Tr\u012bs gl\u0101\u017eu komplekta dizains veidots, iedvesmojoties no zobiem un zobratiem. Lai veidotu sp\u0113c\u012bgu asambl\u0101\u017eu, izv\u0113lies ar\u012b citus galda piederumus no kolekcijas <em>Machine<\/em>. Var mazg\u0101t trauku mag\u0101jam\u0101 ma\u0161\u012bn\u0101.<\/p>\n","protected":false},"excerpt":{"rendered":"<p><img loading=\"lazy\" decoding=\"async\" alt=\"seletti\" src=\"http:\/\/www.xcelsiorselection.com\/wp-content\/uploads\/2015\/12\/seletti.jpg\" width=\"167\" height=\"36\" \/><\/p>\n<p>Ra\u017eot\u0101js: Seletti<br \/>\nDizaineris: Diesel Living<br \/>\nMateri\u0101ls: stikls<br \/>\nIzm\u0113rs: \u00f8\u00a08,7 x 13 cm<\/p>\n","protected":false},"featured_media":52281,"comment_status":"closed","ping_status":"closed","template":"","meta":[],"_links":{"self":[{"href":"https:\/\/www.xcelsiorselection.com\/lv\/wp-json\/wp\/v2\/product\/52283\/"}],"collection":[{"href":"https:\/\/www.xcelsiorselection.com\/lv\/wp-json\/wp\/v2\/product\/"}],"about":[{"href":"https:\/\/www.xcelsiorselection.com\/lv\/wp-json\/wp\/v2\/types\/product\/"}],"replies":[{"embeddable":true,"href":"https:\/\/www.xcelsiorselection.com\/lv\/wp-json\/wp\/v2\/comments\/?post=52283"}],"wp:featuredmedia":[{"embeddable":true,"href":"https:\/\/www.xcelsiorselection.com\/lv\/wp-json\/wp\/v2\/media\/52281\/"}],"wp:attachment":[{"href":"https:\/\/www.xcelsiorselection.com\/lv\/wp-json\/wp\/v2\/media\/?parent=52283"}],"curies":[{"name":"wp","href":"https:\/\/api.w.org\/{rel}","templated":true}]}}