

{"id":5244,"date":"2014-11-20T10:01:18","date_gmt":"2014-11-20T08:01:18","guid":{"rendered":"http:\/\/www.xcelsiorselection.com\/product\/rabbit-2\/"},"modified":"2020-03-27T10:55:07","modified_gmt":"2020-03-27T08:55:07","slug":"rabbit","status":"publish","type":"product","link":"https:\/\/www.xcelsiorselection.com\/lv\/product\/rabbit\/","title":{"rendered":"Za\u0137is"},"content":{"rendered":"<p>N\u012bderlandes m\u0101ksliniece Anne-Claire Petit pied\u0101v\u0101 ar roku darin\u0101tas rota\u013clietas un aksesu\u0101rus, izpau\u017eot savu patieso m\u012blest\u012bbu tradicion\u0101lam amatnieku darbam.<\/p>\n<p>No organisk\u0101s kokvilnas veidotais za\u0137is ir mazg\u0101jams ve\u013casma\u0161\u012bn\u0101, lai vienm\u0113r izskat\u012btos k\u0101 jauns.<\/p>\n<p>Var mazg\u0101t ve\u013casma\u0161\u012bn\u0101 l\u012bdz 30\u2070C<\/p>\n<p>Materi\u0101ls: 100% organiska kokvilna<\/p>\n<p>Roku darbs<\/p>\n","protected":false},"excerpt":{"rendered":"<p>Dizains: Anne-Claire Petit.<br \/>\nIzm\u0113rs: 18 x 36 cm.<br \/>\nKr\u0101sa: str\u012bpains roz\u0101, dab\u012bga.<br \/>\nMateri\u0101ls: kokvilna. Roku darbs.<\/p>\n","protected":false},"featured_media":0,"comment_status":"closed","ping_status":"closed","template":"","meta":[],"_links":{"self":[{"href":"https:\/\/www.xcelsiorselection.com\/lv\/wp-json\/wp\/v2\/product\/5244\/"}],"collection":[{"href":"https:\/\/www.xcelsiorselection.com\/lv\/wp-json\/wp\/v2\/product\/"}],"about":[{"href":"https:\/\/www.xcelsiorselection.com\/lv\/wp-json\/wp\/v2\/types\/product\/"}],"replies":[{"embeddable":true,"href":"https:\/\/www.xcelsiorselection.com\/lv\/wp-json\/wp\/v2\/comments\/?post=5244"}],"wp:attachment":[{"href":"https:\/\/www.xcelsiorselection.com\/lv\/wp-json\/wp\/v2\/media\/?parent=5244"}],"curies":[{"name":"wp","href":"https:\/\/api.w.org\/{rel}","templated":true}]}}