

{"id":52795,"date":"2018-02-23T16:22:37","date_gmt":"2018-02-23T14:22:37","guid":{"rendered":"http:\/\/www.xcelsiorselection.com\/product\/ghost-shell-glass-dome-large-2\/"},"modified":"2018-02-23T17:00:05","modified_gmt":"2018-02-23T15:00:05","slug":"ghost-shell-glass-dome-large","status":"publish","type":"product","link":"https:\/\/www.xcelsiorselection.com\/lv\/product\/ghost-shell-glass-dome-large\/","title":{"rendered":"Diesel Stikla kupols"},"content":{"rendered":"<p>Liels stikla kupols ar porcel\u0101na papl\u0101ti apak\u0161pus\u0113. Kupola dizains, ir moderna interpret\u0101cija klasiskajiem stikla kupoliem, ar hrom\u0113tu glaz\u0113jumu, lai rad\u012btu atspulgu sp\u0113les. Kupols ar papl\u0101ti b\u016bs lielisks, lai ekspon\u0113tu visda\u017e\u0101d\u0101kos objektus. Lielisks galda centra objekts. Pieejams divos izm\u0113ros.<\/p>\n","protected":false},"excerpt":{"rendered":"<p style=\"text-align: left;\"><img loading=\"lazy\" decoding=\"async\" alt=\"seletti\" src=\"http:\/\/www.xcelsiorselection.com\/wp-content\/uploads\/2015\/12\/seletti.jpg\" width=\"167\" height=\"36\" \/><\/p>\n<p>Ra\u017eot\u0101js: Seletti<br \/>\nDizaineris: Diesel Living<br \/>\nMateri\u0101ls: porcel\u0101ns, stikls<br \/>\nIzm\u0113rs: 24,5 x 42 cm<\/p>\n","protected":false},"featured_media":52792,"comment_status":"closed","ping_status":"closed","template":"","meta":[],"_links":{"self":[{"href":"https:\/\/www.xcelsiorselection.com\/lv\/wp-json\/wp\/v2\/product\/52795\/"}],"collection":[{"href":"https:\/\/www.xcelsiorselection.com\/lv\/wp-json\/wp\/v2\/product\/"}],"about":[{"href":"https:\/\/www.xcelsiorselection.com\/lv\/wp-json\/wp\/v2\/types\/product\/"}],"replies":[{"embeddable":true,"href":"https:\/\/www.xcelsiorselection.com\/lv\/wp-json\/wp\/v2\/comments\/?post=52795"}],"wp:featuredmedia":[{"embeddable":true,"href":"https:\/\/www.xcelsiorselection.com\/lv\/wp-json\/wp\/v2\/media\/52792\/"}],"wp:attachment":[{"href":"https:\/\/www.xcelsiorselection.com\/lv\/wp-json\/wp\/v2\/media\/?parent=52795"}],"curies":[{"name":"wp","href":"https:\/\/api.w.org\/{rel}","templated":true}]}}