

{"id":52840,"date":"2018-02-23T22:55:57","date_gmt":"2018-02-23T20:55:57","guid":{"rendered":"http:\/\/www.xcelsiorselection.com\/product\/candlestick-trasminssion-large-2\/"},"modified":"2018-02-23T23:06:10","modified_gmt":"2018-02-23T21:06:10","slug":"candlestick-trasminssion-large","status":"publish","type":"product","link":"https:\/\/www.xcelsiorselection.com\/lv\/product\/candlestick-trasminssion-large\/","title":{"rendered":"Sve\u010dturis Trasminssion Liels"},"content":{"rendered":"<div id=\"tab-description\">\n<p>Salone del mobile 2016 laik\u0101 Seletti z\u012bmols sadarb\u012bb\u0101 ar Diesel prezent\u0113ja Machine kolekciju &#8211;\u00a0 galda piederumus un to aksesu\u0101rus. Tie smalki\u00a0izstr\u0101d\u0101ti no porcel\u0101na vai stikla, dizains asoci\u0113jas ar zobratiem, uzgrie\u017e\u0146iem un da\u017e\u0101d\u0101m ar meh\u0101niku saist\u012bt\u0101m liet\u0101m. \u0160os traukus un interjera aksesu\u0101rus rad\u012bju\u0161i it\u0101lie\u0161u amatnieki. Kolekcij\u0101 ir b\u013codas, kr\u016bzes, trauki un gl\u0101zes, ar\u012b DIY galda piederumi, kuru dizains veidots uzgrie\u017e\u0146u atsl\u0113gu form\u0101.<\/p>\n<\/div>\n","protected":false},"excerpt":{"rendered":"<p><img loading=\"lazy\" decoding=\"async\" alt=\"seletti\" src=\"http:\/\/www.xcelsiorselection.com\/wp-content\/uploads\/2015\/12\/seletti.jpg\" width=\"167\" height=\"36\" \/><\/p>\n<p>Ra\u017eot\u0101js: Seletti<br \/>\nDizaineris: Diesel Living<br \/>\nMateri\u0101ls: met\u0101liska keramika<br \/>\nKr\u0101sa: ant\u012bka bronza<br \/>\nIzm\u0113rs: \u00f8 11 x 43,5 cm<\/p>\n","protected":false},"featured_media":52831,"comment_status":"closed","ping_status":"closed","template":"","meta":[],"_links":{"self":[{"href":"https:\/\/www.xcelsiorselection.com\/lv\/wp-json\/wp\/v2\/product\/52840\/"}],"collection":[{"href":"https:\/\/www.xcelsiorselection.com\/lv\/wp-json\/wp\/v2\/product\/"}],"about":[{"href":"https:\/\/www.xcelsiorselection.com\/lv\/wp-json\/wp\/v2\/types\/product\/"}],"replies":[{"embeddable":true,"href":"https:\/\/www.xcelsiorselection.com\/lv\/wp-json\/wp\/v2\/comments\/?post=52840"}],"wp:featuredmedia":[{"embeddable":true,"href":"https:\/\/www.xcelsiorselection.com\/lv\/wp-json\/wp\/v2\/media\/52831\/"}],"wp:attachment":[{"href":"https:\/\/www.xcelsiorselection.com\/lv\/wp-json\/wp\/v2\/media\/?parent=52840"}],"curies":[{"name":"wp","href":"https:\/\/api.w.org\/{rel}","templated":true}]}}