

{"id":52925,"date":"2018-02-24T14:57:11","date_gmt":"2018-02-24T12:57:11","guid":{"rendered":"http:\/\/www.xcelsiorselection.com\/product\/memorabilia-my-boats-2\/"},"modified":"2018-02-24T15:25:03","modified_gmt":"2018-02-24T13:25:03","slug":"memorabilia-my-boats","status":"publish","type":"product","link":"https:\/\/www.xcelsiorselection.com\/lv\/product\/memorabilia-my-boats\/","title":{"rendered":"Memorabilia Manas laivi\u0146as"},"content":{"rendered":"<p>\u0160aj\u0101 Memorabilia komplekt\u0101 3 porcel\u0101na laivi\u0146as, katra cit\u0101 izm\u0113r\u0101. Liel\u0101 laiva: 8,5 x 26,5 x 11,5 cm; vid\u0113j\u0101 laiva: 6 x 18,7 x 8,2 cm; maz\u0101 laiva: 5 x 15 x 2,5 cm. Seletti un dizaineris Alessandro Zambelli dod jaunu izskatu iem\u012b\u013cotaj\u0101m b\u0113rn\u012bbas rota\u013cliet\u0101m (iero\u010di, roboti, automa\u0161\u012bnas, pap\u012bra laivas &#8230;), p\u0101rv\u0113r\u0161ot t\u0101s porcel\u0101na dekorat\u012bvos elementos, kas k\u0101 atrakt\u012bvs dekors ieder\u0113sies gan m\u0101jas, gan darba interjer\u0101.<\/p>\n","protected":false},"excerpt":{"rendered":"<p><img loading=\"lazy\" decoding=\"async\" alt=\"seletti\" src=\"http:\/\/www.xcelsiorselection.com\/wp-content\/uploads\/2015\/12\/seletti.jpg\" width=\"167\" height=\"36\" \/><\/p>\n<p>Ra\u017eot\u0101js: Seletti<br \/>\nDizaineris: Selab + Alessandro Zambelli<br \/>\nMateri\u0101ls: porcel\u0101ns<br \/>\nKomplekt\u0101 3 laivi\u0146as<\/p>\n","protected":false},"featured_media":52923,"comment_status":"closed","ping_status":"closed","template":"","meta":[],"_links":{"self":[{"href":"https:\/\/www.xcelsiorselection.com\/lv\/wp-json\/wp\/v2\/product\/52925\/"}],"collection":[{"href":"https:\/\/www.xcelsiorselection.com\/lv\/wp-json\/wp\/v2\/product\/"}],"about":[{"href":"https:\/\/www.xcelsiorselection.com\/lv\/wp-json\/wp\/v2\/types\/product\/"}],"replies":[{"embeddable":true,"href":"https:\/\/www.xcelsiorselection.com\/lv\/wp-json\/wp\/v2\/comments\/?post=52925"}],"wp:featuredmedia":[{"embeddable":true,"href":"https:\/\/www.xcelsiorselection.com\/lv\/wp-json\/wp\/v2\/media\/52923\/"}],"wp:attachment":[{"href":"https:\/\/www.xcelsiorselection.com\/lv\/wp-json\/wp\/v2\/media\/?parent=52925"}],"curies":[{"name":"wp","href":"https:\/\/api.w.org\/{rel}","templated":true}]}}