

{"id":52973,"date":"2018-02-24T18:41:01","date_gmt":"2018-02-24T16:41:01","guid":{"rendered":"http:\/\/www.xcelsiorselection.com\/product\/large-ripple-tray-2\/"},"modified":"2018-02-24T18:47:06","modified_gmt":"2018-02-24T16:47:06","slug":"large-ripple-tray","status":"publish","type":"product","link":"https:\/\/www.xcelsiorselection.com\/lv\/product\/large-ripple-tray\/","title":{"rendered":"Liela rievot\u0101 papl\u0101te"},"content":{"rendered":"<div id=\"tab-description\">\n<div id=\"tab-description\">\n<p>Alessandro Zambelli sadarb\u012bb\u0101 ar Selab izveidojis ESTETICO QUOTIDIANO kolekciju, ekskluz\u012bvi z\u012bmolam Seletti.<br \/>\n\u0160\u012a kolekcija transform\u0113 ikdien\u0101 izmantotus, bie\u017ei vien plastmasa vai pap\u012bra, priek\u0161metus, p\u0101rv\u0113r\u0161ot tos porcel\u0101n\u0101 vai stikl\u0101, t\u0101d\u0113j\u0101di tie k\u013c\u016bst ilglaic\u012bgi lietojami.<\/p>\n<\/div>\n<\/div>\n","protected":false},"excerpt":{"rendered":"<p><img loading=\"lazy\" decoding=\"async\" alt=\"seletti\" src=\"http:\/\/www.xcelsiorselection.com\/wp-content\/uploads\/2015\/12\/seletti.jpg\" width=\"167\" height=\"36\" \/><\/p>\n<p>Ra\u017eot\u0101js: Seletti<br \/>\nDizaineris: Selab + Alessandro Zambelli<br \/>\nMateri\u0101ls: porcel\u0101ns<br \/>\nIzm\u0113rs:\u00a0\u00f8\u00a037,5 cm<\/p>\n","protected":false},"featured_media":52971,"comment_status":"closed","ping_status":"closed","template":"","meta":[],"_links":{"self":[{"href":"https:\/\/www.xcelsiorselection.com\/lv\/wp-json\/wp\/v2\/product\/52973\/"}],"collection":[{"href":"https:\/\/www.xcelsiorselection.com\/lv\/wp-json\/wp\/v2\/product\/"}],"about":[{"href":"https:\/\/www.xcelsiorselection.com\/lv\/wp-json\/wp\/v2\/types\/product\/"}],"replies":[{"embeddable":true,"href":"https:\/\/www.xcelsiorselection.com\/lv\/wp-json\/wp\/v2\/comments\/?post=52973"}],"wp:featuredmedia":[{"embeddable":true,"href":"https:\/\/www.xcelsiorselection.com\/lv\/wp-json\/wp\/v2\/media\/52971\/"}],"wp:attachment":[{"href":"https:\/\/www.xcelsiorselection.com\/lv\/wp-json\/wp\/v2\/media\/?parent=52973"}],"curies":[{"name":"wp","href":"https:\/\/api.w.org\/{rel}","templated":true}]}}