

{"id":53013,"date":"2018-02-25T10:24:00","date_gmt":"2018-02-25T08:24:00","guid":{"rendered":"http:\/\/www.xcelsiorselection.com\/product\/glass-bell-cover-2\/"},"modified":"2018-02-25T10:29:22","modified_gmt":"2018-02-25T08:29:22","slug":"glass-bell-cover","status":"publish","type":"product","link":"https:\/\/www.xcelsiorselection.com\/lv\/product\/glass-bell-cover\/","title":{"rendered":"Stikla v\u0101ks"},"content":{"rendered":"<p>Alessandro Zambelli sadarb\u012bb\u0101 ar Selab izveidojis ESTETICO QUOTIDIANO kolekciju, ekskluz\u012bvi z\u012bmolam Seletti.<br \/>\n\u0160\u012a kolekcija transform\u0113 ikdien\u0101 izmantotus, bie\u017ei vien plastmasa vai pap\u012bra, priek\u0161metus, p\u0101rv\u0113r\u0161ot tos porcel\u0101n\u0101 vai stikl\u0101, t\u0101d\u0113j\u0101di tie k\u013c\u016bst ilglaic\u012bgi lietojami.<br \/>\n\u0160is stikla v\u0101ks ir savienojams ar lielo rievoto papl\u0101ti (10567) no Seletti kolekcijas ESTETICO QUOTIDIANO.<\/p>\n","protected":false},"excerpt":{"rendered":"<p><img loading=\"lazy\" decoding=\"async\" alt=\"seletti\" src=\"http:\/\/www.xcelsiorselection.com\/wp-content\/uploads\/2015\/12\/seletti.jpg\" width=\"167\" height=\"36\" \/><\/p>\n<p>Ra\u017eot\u0101js: Seletti<br \/>\nDizaineris: Selab + Alessandro Zambelli<br \/>\nMateri\u0101ls: stikls<br \/>\nIzm\u0113rs:\u00a0\u00f8\u00a032 x 30 cm<\/p>\n","protected":false},"featured_media":53011,"comment_status":"closed","ping_status":"closed","template":"","meta":[],"_links":{"self":[{"href":"https:\/\/www.xcelsiorselection.com\/lv\/wp-json\/wp\/v2\/product\/53013\/"}],"collection":[{"href":"https:\/\/www.xcelsiorselection.com\/lv\/wp-json\/wp\/v2\/product\/"}],"about":[{"href":"https:\/\/www.xcelsiorselection.com\/lv\/wp-json\/wp\/v2\/types\/product\/"}],"replies":[{"embeddable":true,"href":"https:\/\/www.xcelsiorselection.com\/lv\/wp-json\/wp\/v2\/comments\/?post=53013"}],"wp:featuredmedia":[{"embeddable":true,"href":"https:\/\/www.xcelsiorselection.com\/lv\/wp-json\/wp\/v2\/media\/53011\/"}],"wp:attachment":[{"href":"https:\/\/www.xcelsiorselection.com\/lv\/wp-json\/wp\/v2\/media\/?parent=53013"}],"curies":[{"name":"wp","href":"https:\/\/api.w.org\/{rel}","templated":true}]}}