

{"id":53437,"date":"2018-02-28T11:11:13","date_gmt":"2018-02-28T09:11:13","guid":{"rendered":"http:\/\/www.xcelsiorselection.com\/product\/wine-glass-2\/"},"modified":"2018-02-28T11:13:42","modified_gmt":"2018-02-28T09:13:42","slug":"wine-glass","status":"publish","type":"product","link":"https:\/\/www.xcelsiorselection.com\/lv\/product\/wine-glass\/","title":{"rendered":"V\u012bna gl\u0101ze"},"content":{"rendered":"<div id=\"tab-description\">\n<p>Alessandro Zambelli sadarb\u012bb\u0101 ar Selab izveidojis ESTETICO QUOTIDIANO kolekciju, ekskluz\u012bvi z\u012bmolam Seletti.<br \/>\n\u0160\u012a kolekcija transform\u0113 ikdien\u0101 izmantotus, bie\u017ei vien plastmasa vai pap\u012bra, priek\u0161metus, p\u0101rv\u0113r\u0161ot tos porcel\u0101n\u0101 vai stikl\u0101, t\u0101d\u0113j\u0101di tie k\u013c\u016bst ilglaic\u012bgi lietojami.<\/p>\n<\/div>\n","protected":false},"excerpt":{"rendered":"<p><img loading=\"lazy\" decoding=\"async\" alt=\"seletti\" src=\"http:\/\/www.xcelsiorselection.com\/wp-content\/uploads\/2015\/12\/seletti.jpg\" width=\"167\" height=\"36\" \/><\/p>\n<p>Ra\u017eot\u0101js: Seletti<br \/>\nDizaineris: Selab + Alessandro Zambelli<br \/>\nMateri\u0101ls: stikls<br \/>\nIzm\u0113rs:\u00a0\u00f8 7,2 x 16 cm<\/p>\n","protected":false},"featured_media":53435,"comment_status":"closed","ping_status":"closed","template":"","meta":[],"_links":{"self":[{"href":"https:\/\/www.xcelsiorselection.com\/lv\/wp-json\/wp\/v2\/product\/53437\/"}],"collection":[{"href":"https:\/\/www.xcelsiorselection.com\/lv\/wp-json\/wp\/v2\/product\/"}],"about":[{"href":"https:\/\/www.xcelsiorselection.com\/lv\/wp-json\/wp\/v2\/types\/product\/"}],"replies":[{"embeddable":true,"href":"https:\/\/www.xcelsiorselection.com\/lv\/wp-json\/wp\/v2\/comments\/?post=53437"}],"wp:featuredmedia":[{"embeddable":true,"href":"https:\/\/www.xcelsiorselection.com\/lv\/wp-json\/wp\/v2\/media\/53435\/"}],"wp:attachment":[{"href":"https:\/\/www.xcelsiorselection.com\/lv\/wp-json\/wp\/v2\/media\/?parent=53437"}],"curies":[{"name":"wp","href":"https:\/\/api.w.org\/{rel}","templated":true}]}}