

{"id":53465,"date":"2018-02-28T11:59:49","date_gmt":"2018-02-28T09:59:49","guid":{"rendered":"http:\/\/www.xcelsiorselection.com\/product\/interior-lab-spherical-vase-2\/"},"modified":"2018-02-28T12:04:31","modified_gmt":"2018-02-28T10:04:31","slug":"interior-lab-spherical-vase","status":"publish","type":"product","link":"https:\/\/www.xcelsiorselection.com\/lv\/product\/interior-lab-spherical-vase\/","title":{"rendered":"Interjera laboratorija \u2013 sf\u0113riska v\u0101ze"},"content":{"rendered":"<p>Interjera laboratorija no z\u012bmola Seletti pied\u0101v\u0101 da\u017e\u0101das formas v\u0101zes, lai pie\u0161\u0137irtu interjeram neordin\u0101ru akcentu. Iesp\u0113jams izmantot, gan k\u0101 ziedu v\u0101zes, gan dz\u0113rienu serv\u0113\u0161anai. Jautrs un interesants akcents ko\u0161\u0101kai ikdienai.<\/p>\n","protected":false},"excerpt":{"rendered":"<p><img loading=\"lazy\" decoding=\"async\" alt=\"seletti\" src=\"http:\/\/www.xcelsiorselection.com\/wp-content\/uploads\/2015\/12\/seletti.jpg\" width=\"167\" height=\"36\" \/><\/p>\n<p>Ra\u017eot\u0101js: Seletti<br \/>\nMateri\u0101ls: stikls<br \/>\nIzm\u0113rs: \u00f8 14 x 25 cm<br \/>\nTilpums: 1 litrs<\/p>\n","protected":false},"featured_media":53463,"comment_status":"closed","ping_status":"closed","template":"","meta":[],"_links":{"self":[{"href":"https:\/\/www.xcelsiorselection.com\/lv\/wp-json\/wp\/v2\/product\/53465\/"}],"collection":[{"href":"https:\/\/www.xcelsiorselection.com\/lv\/wp-json\/wp\/v2\/product\/"}],"about":[{"href":"https:\/\/www.xcelsiorselection.com\/lv\/wp-json\/wp\/v2\/types\/product\/"}],"replies":[{"embeddable":true,"href":"https:\/\/www.xcelsiorselection.com\/lv\/wp-json\/wp\/v2\/comments\/?post=53465"}],"wp:featuredmedia":[{"embeddable":true,"href":"https:\/\/www.xcelsiorselection.com\/lv\/wp-json\/wp\/v2\/media\/53463\/"}],"wp:attachment":[{"href":"https:\/\/www.xcelsiorselection.com\/lv\/wp-json\/wp\/v2\/media\/?parent=53465"}],"curies":[{"name":"wp","href":"https:\/\/api.w.org\/{rel}","templated":true}]}}