

{"id":53552,"date":"2018-03-01T11:06:15","date_gmt":"2018-03-01T09:06:15","guid":{"rendered":"http:\/\/www.xcelsiorselection.com\/product\/mirror-vanity-kills-2\/"},"modified":"2018-03-01T11:10:05","modified_gmt":"2018-03-01T09:10:05","slug":"mirror-vanity-kills","status":"publish","type":"product","link":"https:\/\/www.xcelsiorselection.com\/lv\/product\/mirror-vanity-kills\/","title":{"rendered":"Spogulis VANITY KILLS"},"content":{"rendered":"<div id=\"tab-description\">\n<p>Spogulis atspogu\u013co vidi mums apk\u0101rt un veicina p\u0101rdomas par da\u017e\u0101d\u0101m pasaul\u0113m un to, ko redzam sev apk\u0101rt.<br \/>\nAugstas kvalit\u0101tes t\u0113rauds, veidots da\u017e\u0101dos siluetos, spogulis akcent\u0113s dz\u012bvojamo telpu ar savu piesaisto\u0161o dizainu.<\/p>\n<\/div>\n","protected":false},"excerpt":{"rendered":"<p><img loading=\"lazy\" decoding=\"async\" alt=\"seletti\" src=\"http:\/\/www.xcelsiorselection.com\/wp-content\/uploads\/2015\/12\/seletti.jpg\" width=\"167\" height=\"36\" \/><\/p>\n<p>Ra\u017eot\u0101js: Seletti<br \/>\nDizaineris: Selab<br \/>\nMateri\u0101ls: t\u0113rauds<br \/>\nIzm\u0113rs:\u00a080 x 33,5 cm<\/p>\n","protected":false},"featured_media":53544,"comment_status":"closed","ping_status":"closed","template":"","meta":[],"_links":{"self":[{"href":"https:\/\/www.xcelsiorselection.com\/lv\/wp-json\/wp\/v2\/product\/53552\/"}],"collection":[{"href":"https:\/\/www.xcelsiorselection.com\/lv\/wp-json\/wp\/v2\/product\/"}],"about":[{"href":"https:\/\/www.xcelsiorselection.com\/lv\/wp-json\/wp\/v2\/types\/product\/"}],"replies":[{"embeddable":true,"href":"https:\/\/www.xcelsiorselection.com\/lv\/wp-json\/wp\/v2\/comments\/?post=53552"}],"wp:featuredmedia":[{"embeddable":true,"href":"https:\/\/www.xcelsiorselection.com\/lv\/wp-json\/wp\/v2\/media\/53544\/"}],"wp:attachment":[{"href":"https:\/\/www.xcelsiorselection.com\/lv\/wp-json\/wp\/v2\/media\/?parent=53552"}],"curies":[{"name":"wp","href":"https:\/\/api.w.org\/{rel}","templated":true}]}}