

{"id":53978,"date":"2018-03-05T10:03:14","date_gmt":"2018-03-05T08:03:14","guid":{"rendered":"http:\/\/www.xcelsiorselection.com\/product\/smartravel-my-toiletries-grey-2\/"},"modified":"2018-03-05T10:06:18","modified_gmt":"2018-03-05T08:06:18","slug":"smartravel-my-toiletries-grey","status":"publish","type":"product","link":"https:\/\/www.xcelsiorselection.com\/lv\/product\/smartravel-my-toiletries-grey\/","title":{"rendered":"Smartravel kosm\u0113tikas soma pel\u0113ka"},"content":{"rendered":"<p>SMART TRAVEL no z\u012bmola Seletti. Lab\u0101kais veids, k\u0101 sak\u0101rtot dr\u0113bes un aksesu\u0101rus, dodoties tuv\u0101kos vai t\u0101l\u0101kos p\u0101rbraucienos. T\u0101pat \u0161\u012bs somas lieliski noder\u0113s, lai m\u0101j\u0101s uzglab\u0101tu ap\u0123\u0113rbu un aksesu\u0101rus, vienm\u0113r perfekt\u0101 k\u0101rt\u012bb\u0101.<\/p>\n","protected":false},"excerpt":{"rendered":"<p><img loading=\"lazy\" decoding=\"async\" alt=\"seletti\" src=\"http:\/\/www.xcelsiorselection.com\/wp-content\/uploads\/2015\/12\/seletti.jpg\" width=\"167\" height=\"36\" \/><\/p>\n<p>Ra\u017eot\u0101js: Seletti<br \/>\nDizaineris: Selab + Jacopo Maria Cinti<br \/>\nMateri\u0101ls: m\u012bksts neilons<br \/>\nIzm\u0113rs: 26,5 x 18 cm<\/p>\n","protected":false},"featured_media":53976,"comment_status":"closed","ping_status":"closed","template":"","meta":[],"_links":{"self":[{"href":"https:\/\/www.xcelsiorselection.com\/lv\/wp-json\/wp\/v2\/product\/53978\/"}],"collection":[{"href":"https:\/\/www.xcelsiorselection.com\/lv\/wp-json\/wp\/v2\/product\/"}],"about":[{"href":"https:\/\/www.xcelsiorselection.com\/lv\/wp-json\/wp\/v2\/types\/product\/"}],"replies":[{"embeddable":true,"href":"https:\/\/www.xcelsiorselection.com\/lv\/wp-json\/wp\/v2\/comments\/?post=53978"}],"wp:featuredmedia":[{"embeddable":true,"href":"https:\/\/www.xcelsiorselection.com\/lv\/wp-json\/wp\/v2\/media\/53976\/"}],"wp:attachment":[{"href":"https:\/\/www.xcelsiorselection.com\/lv\/wp-json\/wp\/v2\/media\/?parent=53978"}],"curies":[{"name":"wp","href":"https:\/\/api.w.org\/{rel}","templated":true}]}}