

{"id":54171,"date":"2018-03-08T16:03:15","date_gmt":"2018-03-08T14:03:15","guid":{"rendered":"http:\/\/www.xcelsiorselection.com\/product\/smartravel-document-case-2\/"},"modified":"2018-03-08T16:16:41","modified_gmt":"2018-03-08T14:16:41","slug":"smartravel-document-case","status":"publish","type":"product","link":"https:\/\/www.xcelsiorselection.com\/lv\/product\/smartravel-document-case\/","title":{"rendered":"Smartravel soma dokumentiem"},"content":{"rendered":"<p>SMART TRAVEL no z\u012bmola Seletti. Lieliski aksesu\u0101ri, lai ce\u013cojumus un p\u0101rbraucienus dab\u0101 padar\u012btu p\u0113c iesp\u0113jas pat\u012bkam\u0101kus un \u0113rt\u0101kus.<\/p>\n<ul>\n<li>\u00a0\u00a0\u00a0\u00a0 regul\u0113jama plecu siksna<\/li>\n<li>\u00a0\u00a0\u00a0\u00a0 priek\u0161\u0113js r\u0101v\u0113jsl\u0113dz\u0113ja nodal\u012bjums un sl\u0113pta kabata<\/li>\n<li>\u00a0\u00a0\u00a0\u00a0 viens nodal\u012bjums uz aug\u0161pus\u0113 ar atloci<\/li>\n<li>\u00a0\u00a0\u00a0\u00a0 gar\u0101 s\u0101nu r\u0101v\u0113jsl\u0113dz\u0113ja nodal\u012bjums ce\u013cojumu dokumentiem<\/li>\n<li>\u00a0\u00a0\u00a0\u00a0 3 nodal\u012bjumi kart\u0113m<\/li>\n<li>\u00a0\u00a0\u00a0\u00a0 viens nodal\u012bjums ar sieti\u0146u apak\u0161\u0113j\u0101 iek\u0161\u0113j\u0101 atloc\u0113<\/li>\n<li>\u00a0\u00a0\u00a0\u00a0 neilons<\/li>\n<\/ul>\n","protected":false},"excerpt":{"rendered":"<p><img loading=\"lazy\" decoding=\"async\" alt=\"seletti\" src=\"http:\/\/www.xcelsiorselection.com\/wp-content\/uploads\/2015\/12\/seletti.jpg\" width=\"167\" height=\"36\" \/><\/p>\n<p>Ra\u017eot\u0101js: Seletti<br \/>\nDizaineris: Selab<br \/>\nMateri\u0101ls: neilons<br \/>\nIzm\u0113rs:\u00a014 x 17 cm<\/p>\n","protected":false},"featured_media":54157,"comment_status":"closed","ping_status":"closed","template":"","meta":[],"_links":{"self":[{"href":"https:\/\/www.xcelsiorselection.com\/lv\/wp-json\/wp\/v2\/product\/54171\/"}],"collection":[{"href":"https:\/\/www.xcelsiorselection.com\/lv\/wp-json\/wp\/v2\/product\/"}],"about":[{"href":"https:\/\/www.xcelsiorselection.com\/lv\/wp-json\/wp\/v2\/types\/product\/"}],"replies":[{"embeddable":true,"href":"https:\/\/www.xcelsiorselection.com\/lv\/wp-json\/wp\/v2\/comments\/?post=54171"}],"wp:featuredmedia":[{"embeddable":true,"href":"https:\/\/www.xcelsiorselection.com\/lv\/wp-json\/wp\/v2\/media\/54157\/"}],"wp:attachment":[{"href":"https:\/\/www.xcelsiorselection.com\/lv\/wp-json\/wp\/v2\/media\/?parent=54171"}],"curies":[{"name":"wp","href":"https:\/\/api.w.org\/{rel}","templated":true}]}}