

{"id":54175,"date":"2018-03-08T16:48:46","date_gmt":"2018-03-08T14:48:46","guid":{"rendered":"http:\/\/www.xcelsiorselection.com\/product\/smartravel-hangable-unisex-toiletry-case-2\/"},"modified":"2018-03-08T17:04:24","modified_gmt":"2018-03-08T15:04:24","slug":"smartravel-hangable-unisex-toiletry-case","status":"publish","type":"product","link":"https:\/\/www.xcelsiorselection.com\/lv\/product\/smartravel-hangable-unisex-toiletry-case\/","title":{"rendered":"Smartravel Tualetes piederumu soma"},"content":{"rendered":"<p>SMART TRAVEL no z\u012bmola Seletti. Lieliski aksesu\u0101ri, lai ce\u013cojumus un p\u0101rbraucienus dab\u0101 padar\u012btu p\u0113c iesp\u0113jas pat\u012bkam\u0101kus un \u0113rt\u0101kus.<\/p>\n<ul>\n<li>\u00a0\u00a0\u00a0\u00a0 pakarams met\u0101la \u0101\u0137is<\/li>\n<li>\u00a0\u00a0\u00a0\u00a0 priek\u0161\u0113js r\u0101v\u0113jsl\u0113dz\u0113ja nodal\u012bjums<\/li>\n<li>\u00a0\u00a0\u00a0\u00a0 viens r\u0101v\u0113jsl\u0113dz\u0113ja nodal\u012bjums aug\u0161pus\u0113<\/li>\n<li>\u00a0\u00a0\u00a0\u00a0 mazs no\u0146emams spogulis<\/li>\n<li>\u00a0\u00a0\u00a0\u00a0 4 elast\u012bg\u0101s gumijas nodal\u012bjumi piederumiem<\/li>\n<li>\u00a0\u00a0\u00a0\u00a0 viens liels t\u012bklveida nodal\u012bjums apak\u0161\u0113j\u0101 iek\u0161\u0113j\u0101 atlok\u0101<\/li>\n<li>\u00a0\u00a0\u00a0\u00a0 neilons<\/li>\n<\/ul>\n","protected":false},"excerpt":{"rendered":"<p><img loading=\"lazy\" decoding=\"async\" alt=\"seletti\" src=\"http:\/\/www.xcelsiorselection.com\/wp-content\/uploads\/2015\/12\/seletti.jpg\" width=\"167\" height=\"36\" \/><\/p>\n<p>Ra\u017eot\u0101js: Seletti<br \/>\nDizaineris: Selab<br \/>\nMateri\u0101ls: neilons<br \/>\nIzm\u0113rs: 25 x 18 cm<\/p>\n","protected":false},"featured_media":54151,"comment_status":"closed","ping_status":"closed","template":"","meta":[],"_links":{"self":[{"href":"https:\/\/www.xcelsiorselection.com\/lv\/wp-json\/wp\/v2\/product\/54175\/"}],"collection":[{"href":"https:\/\/www.xcelsiorselection.com\/lv\/wp-json\/wp\/v2\/product\/"}],"about":[{"href":"https:\/\/www.xcelsiorselection.com\/lv\/wp-json\/wp\/v2\/types\/product\/"}],"replies":[{"embeddable":true,"href":"https:\/\/www.xcelsiorselection.com\/lv\/wp-json\/wp\/v2\/comments\/?post=54175"}],"wp:featuredmedia":[{"embeddable":true,"href":"https:\/\/www.xcelsiorselection.com\/lv\/wp-json\/wp\/v2\/media\/54151\/"}],"wp:attachment":[{"href":"https:\/\/www.xcelsiorselection.com\/lv\/wp-json\/wp\/v2\/media\/?parent=54175"}],"curies":[{"name":"wp","href":"https:\/\/api.w.org\/{rel}","templated":true}]}}