

{"id":54181,"date":"2018-03-08T20:30:20","date_gmt":"2018-03-08T18:30:20","guid":{"rendered":"http:\/\/www.xcelsiorselection.com\/product\/smartravel-packable-water-resistant-poncho-2\/"},"modified":"2018-03-08T20:41:08","modified_gmt":"2018-03-08T18:41:08","slug":"smartravel-packable-water-resistant-poncho","status":"publish","type":"product","link":"https:\/\/www.xcelsiorselection.com\/lv\/product\/smartravel-packable-water-resistant-poncho\/","title":{"rendered":"Smartravel \u016adens necaurlaid\u012bgs pon\u010do"},"content":{"rendered":"<p>Seletti Smartravel \u016bdensnecaurlaid\u012bgs Pon\u010do<\/p>\n<ul>\n<li>\u00a0\u00a0\u00a0\u00a0 iztur\u012bgs, pret v\u0113ju un \u016bdeni<\/li>\n<li>\u00a0\u00a0\u00a0\u00a0 regul\u0113jama kapuce<\/li>\n<li>\u00a0\u00a0\u00a0\u00a0 pogas s\u0101nos<\/li>\n<li>\u00a0\u00a0\u00a0\u00a0 neilons<\/li>\n<\/ul>\n","protected":false},"excerpt":{"rendered":"<p><img loading=\"lazy\" decoding=\"async\" alt=\"seletti\" src=\"http:\/\/www.xcelsiorselection.com\/wp-content\/uploads\/2015\/12\/seletti.jpg\" width=\"167\" height=\"36\" \/><\/p>\n<p>Ra\u017eot\u0101js: Seletti<br \/>\nDizaineris: Selab<br \/>\nMateri\u0101ls: neilons<br \/>\nIzm\u0113rs:\u00a021 x 27 cm<\/p>\n","protected":false},"featured_media":54154,"comment_status":"closed","ping_status":"closed","template":"","meta":[],"_links":{"self":[{"href":"https:\/\/www.xcelsiorselection.com\/lv\/wp-json\/wp\/v2\/product\/54181\/"}],"collection":[{"href":"https:\/\/www.xcelsiorselection.com\/lv\/wp-json\/wp\/v2\/product\/"}],"about":[{"href":"https:\/\/www.xcelsiorselection.com\/lv\/wp-json\/wp\/v2\/types\/product\/"}],"replies":[{"embeddable":true,"href":"https:\/\/www.xcelsiorselection.com\/lv\/wp-json\/wp\/v2\/comments\/?post=54181"}],"wp:featuredmedia":[{"embeddable":true,"href":"https:\/\/www.xcelsiorselection.com\/lv\/wp-json\/wp\/v2\/media\/54154\/"}],"wp:attachment":[{"href":"https:\/\/www.xcelsiorselection.com\/lv\/wp-json\/wp\/v2\/media\/?parent=54181"}],"curies":[{"name":"wp","href":"https:\/\/api.w.org\/{rel}","templated":true}]}}