

{"id":54199,"date":"2018-03-08T21:56:09","date_gmt":"2018-03-08T19:56:09","guid":{"rendered":"http:\/\/www.xcelsiorselection.com\/product\/smartravel-swimming-shorts-l-2\/"},"modified":"2018-03-08T22:04:06","modified_gmt":"2018-03-08T20:04:06","slug":"smartravel-swimming-shorts-l","status":"publish","type":"product","link":"https:\/\/www.xcelsiorselection.com\/lv\/product\/smartravel-swimming-shorts-l\/","title":{"rendered":"Smartravel Peld\u0113\u0161anas \u0161orti L"},"content":{"rendered":"<p>Peld\u0113\u0161anas \u0161orti no z\u012bmola Seletti Smartravel kolekcijas. Tie salok\u0101mi un uzglab\u0101jami speci\u0101l\u0101 maisi\u0146\u0101, savuk\u0101rt peld\u0161ortu kabata ir \u016bdens necaurlaid\u012bga.<\/p>\n","protected":false},"excerpt":{"rendered":"<p><img loading=\"lazy\" decoding=\"async\" alt=\"seletti\" src=\"http:\/\/www.xcelsiorselection.com\/wp-content\/uploads\/2015\/12\/seletti.jpg\" width=\"167\" height=\"36\" \/><\/p>\n<p>Ra\u017eot\u0101js: Seletti<br \/>\nDizaineris: Selab<br \/>\nMateri\u0101ls: 35% kokvilna \u2013 65% poliesters<br \/>\nIepakojuma izm\u0113rs: 18 x 21 cm<\/p>\n","protected":false},"featured_media":54191,"comment_status":"closed","ping_status":"closed","template":"","meta":[],"_links":{"self":[{"href":"https:\/\/www.xcelsiorselection.com\/lv\/wp-json\/wp\/v2\/product\/54199\/"}],"collection":[{"href":"https:\/\/www.xcelsiorselection.com\/lv\/wp-json\/wp\/v2\/product\/"}],"about":[{"href":"https:\/\/www.xcelsiorselection.com\/lv\/wp-json\/wp\/v2\/types\/product\/"}],"replies":[{"embeddable":true,"href":"https:\/\/www.xcelsiorselection.com\/lv\/wp-json\/wp\/v2\/comments\/?post=54199"}],"wp:featuredmedia":[{"embeddable":true,"href":"https:\/\/www.xcelsiorselection.com\/lv\/wp-json\/wp\/v2\/media\/54191\/"}],"wp:attachment":[{"href":"https:\/\/www.xcelsiorselection.com\/lv\/wp-json\/wp\/v2\/media\/?parent=54199"}],"curies":[{"name":"wp","href":"https:\/\/api.w.org\/{rel}","templated":true}]}}