

{"id":54359,"date":"2018-03-11T10:15:55","date_gmt":"2018-03-11T08:15:55","guid":{"rendered":"http:\/\/www.xcelsiorselection.com\/product\/luggage-strap-travel-pix-2\/"},"modified":"2018-03-11T10:23:04","modified_gmt":"2018-03-11T08:23:04","slug":"luggage-strap-travel-pix","status":"publish","type":"product","link":"https:\/\/www.xcelsiorselection.com\/lv\/product\/luggage-strap-travel-pix\/","title":{"rendered":"Bag\u0101\u017eas siksna Travel Pix"},"content":{"rendered":"<p>Ce\u013cojiet gudri ar aksesu\u0101riem no Seletti! Bag\u0101\u017eas siksna, lai paman\u012btu savu bag\u0101\u017eu starp vis\u0101m p\u0101r\u0113j\u0101m. Ko rakst\u012bsi Tu?<\/p>\n","protected":false},"excerpt":{"rendered":"<p><img loading=\"lazy\" decoding=\"async\" alt=\"seletti\" src=\"http:\/\/www.xcelsiorselection.com\/wp-content\/uploads\/2015\/12\/seletti.jpg\" width=\"167\" height=\"36\" \/><\/p>\n<p>Ra\u017eot\u0101js: Seletti<br \/>\nDizaineris: Selab<br \/>\nUnivers\u0101ls izm\u0113rs<\/p>\n","protected":false},"featured_media":54354,"comment_status":"closed","ping_status":"closed","template":"","meta":[],"_links":{"self":[{"href":"https:\/\/www.xcelsiorselection.com\/lv\/wp-json\/wp\/v2\/product\/54359\/"}],"collection":[{"href":"https:\/\/www.xcelsiorselection.com\/lv\/wp-json\/wp\/v2\/product\/"}],"about":[{"href":"https:\/\/www.xcelsiorselection.com\/lv\/wp-json\/wp\/v2\/types\/product\/"}],"replies":[{"embeddable":true,"href":"https:\/\/www.xcelsiorselection.com\/lv\/wp-json\/wp\/v2\/comments\/?post=54359"}],"wp:featuredmedia":[{"embeddable":true,"href":"https:\/\/www.xcelsiorselection.com\/lv\/wp-json\/wp\/v2\/media\/54354\/"}],"wp:attachment":[{"href":"https:\/\/www.xcelsiorselection.com\/lv\/wp-json\/wp\/v2\/media\/?parent=54359"}],"curies":[{"name":"wp","href":"https:\/\/api.w.org\/{rel}","templated":true}]}}