

{"id":54397,"date":"2018-03-11T11:38:54","date_gmt":"2018-03-11T09:38:54","guid":{"rendered":"http:\/\/www.xcelsiorselection.com\/product\/playing-cards-table-2\/"},"modified":"2018-03-11T11:45:01","modified_gmt":"2018-03-11T09:45:01","slug":"playing-cards-table","status":"publish","type":"product","link":"https:\/\/www.xcelsiorselection.com\/lv\/product\/playing-cards-table\/","title":{"rendered":"K\u0101r\u0161u galdi\u0146\u0161"},"content":{"rendered":"<p>Rota\u013c\u012bgs galdi\u0146\u0161, kas veidots no piec\u0101m milz\u012bg\u0101m sp\u0113\u013cu k\u0101rt\u012bm. Lieliski ieder\u0113sies b\u0113rnu istab\u0101, vai jebkur\u0101 cit\u0101 telp\u0101, lai pie\u0161\u0137irtu tai asoci\u0101cijas no pasakain\u0101s Alises Br\u012bnumzem\u0113.<\/p>\n","protected":false},"excerpt":{"rendered":"<p><img loading=\"lazy\" decoding=\"async\" alt=\"seletti\" src=\"http:\/\/www.xcelsiorselection.com\/wp-content\/uploads\/2015\/12\/seletti.jpg\" width=\"167\" height=\"36\" \/><\/p>\n<p>Ra\u017eot\u0101js: Seletti<br \/>\nMateri\u0101ls: MDF<br \/>\nKr\u0101sa: zila<br \/>\nIzm\u0113rs: 50 x 50 x 36 cm<\/p>\n","protected":false},"featured_media":54390,"comment_status":"closed","ping_status":"closed","template":"","meta":[],"_links":{"self":[{"href":"https:\/\/www.xcelsiorselection.com\/lv\/wp-json\/wp\/v2\/product\/54397\/"}],"collection":[{"href":"https:\/\/www.xcelsiorselection.com\/lv\/wp-json\/wp\/v2\/product\/"}],"about":[{"href":"https:\/\/www.xcelsiorselection.com\/lv\/wp-json\/wp\/v2\/types\/product\/"}],"replies":[{"embeddable":true,"href":"https:\/\/www.xcelsiorselection.com\/lv\/wp-json\/wp\/v2\/comments\/?post=54397"}],"wp:featuredmedia":[{"embeddable":true,"href":"https:\/\/www.xcelsiorselection.com\/lv\/wp-json\/wp\/v2\/media\/54390\/"}],"wp:attachment":[{"href":"https:\/\/www.xcelsiorselection.com\/lv\/wp-json\/wp\/v2\/media\/?parent=54397"}],"curies":[{"name":"wp","href":"https:\/\/api.w.org\/{rel}","templated":true}]}}