

{"id":54425,"date":"2018-03-11T14:33:04","date_gmt":"2018-03-11T12:33:04","guid":{"rendered":"http:\/\/www.xcelsiorselection.com\/product\/smartravel-mosquito-net-2\/"},"modified":"2018-03-11T14:44:06","modified_gmt":"2018-03-11T12:44:06","slug":"smartravel-mosquito-net","status":"publish","type":"product","link":"https:\/\/www.xcelsiorselection.com\/lv\/product\/smartravel-mosquito-net\/","title":{"rendered":"Smartravel mosk\u012btu t\u012bkls"},"content":{"rendered":"<p>Mosk\u012btu t\u012bkls iepakojum\u0101. Elegants, praktisks, kompakts. Seletti Smartravel mosk\u012btu t\u012bkls ir \u013coti\u00a0 noder\u012bgs, lai izveidotu gu\u013camtelpas, kas ir aizsarg\u0101tas no da\u017e\u0101diem insektiem. Ide\u0101li piem\u0113rots vienviet\u012bg\u0101m un divviet\u012bg\u0101m gult\u0101m. Iesp\u0113jams izmantot m\u0101j\u0101s, kemping\u0101 vai \u0101rpus telp\u0101m. Viegli uzst\u0101d\u012bt.<\/p>\n","protected":false},"excerpt":{"rendered":"<p><img loading=\"lazy\" decoding=\"async\" alt=\"seletti\" src=\"http:\/\/www.xcelsiorselection.com\/wp-content\/uploads\/2015\/12\/seletti.jpg\" width=\"167\" height=\"36\" \/><\/p>\n<p>Ra\u017eot\u0101js: Seletti<br \/>\nDizaineris: Selab<br \/>\nMateri\u0101ls: neilons<br \/>\nIzm\u0113rs:\u00a0\u00f8 64 x 250 cm<\/p>\n","protected":false},"featured_media":54423,"comment_status":"closed","ping_status":"closed","template":"","meta":[],"_links":{"self":[{"href":"https:\/\/www.xcelsiorselection.com\/lv\/wp-json\/wp\/v2\/product\/54425\/"}],"collection":[{"href":"https:\/\/www.xcelsiorselection.com\/lv\/wp-json\/wp\/v2\/product\/"}],"about":[{"href":"https:\/\/www.xcelsiorselection.com\/lv\/wp-json\/wp\/v2\/types\/product\/"}],"replies":[{"embeddable":true,"href":"https:\/\/www.xcelsiorselection.com\/lv\/wp-json\/wp\/v2\/comments\/?post=54425"}],"wp:featuredmedia":[{"embeddable":true,"href":"https:\/\/www.xcelsiorselection.com\/lv\/wp-json\/wp\/v2\/media\/54423\/"}],"wp:attachment":[{"href":"https:\/\/www.xcelsiorselection.com\/lv\/wp-json\/wp\/v2\/media\/?parent=54425"}],"curies":[{"name":"wp","href":"https:\/\/api.w.org\/{rel}","templated":true}]}}