

{"id":54441,"date":"2018-03-11T15:32:29","date_gmt":"2018-03-11T13:32:29","guid":{"rendered":"http:\/\/www.xcelsiorselection.com\/product\/appo-cork-tray-2\/"},"modified":"2018-03-11T15:47:14","modified_gmt":"2018-03-11T13:47:14","slug":"appo-cork-tray","status":"publish","type":"product","link":"https:\/\/www.xcelsiorselection.com\/lv\/product\/appo-cork-tray\/","title":{"rendered":"Appo Kor\u0137a papl\u0101te"},"content":{"rendered":"<p>Appo ir m\u016bsdien\u012bgs koncepta apvienojums, atjaut\u012bgs dizains ar funcion\u0101lu m\u0113r\u0137i. Portug\u0101les kor\u0137a papl\u0101te pild\u012bs savu funkciju gan dekoram, gan serv\u0113\u0161anai. Novietojot to pudel\u0113s, k\u016bz\u0113s vai citos traukos, serv\u0113jiet \u0113dienus vai novietojiet dekorus, p\u0113c savas gaumes!<\/p>\n","protected":false},"excerpt":{"rendered":"<p><img loading=\"lazy\" decoding=\"async\" alt=\"seletti\" src=\"http:\/\/www.xcelsiorselection.com\/wp-content\/uploads\/2015\/12\/seletti.jpg\" width=\"167\" height=\"36\" \/><\/p>\n<p>Ra\u017eot\u0101js: Seletti<br \/>\nDizaineris: Carlo Trevisani<br \/>\nMateri\u0101ls: 100% dab\u012bgs kor\u0137is<br \/>\nIzm\u0113rs:\u00a0\u2300 18 x 7,6 cm<\/p>\n","protected":false},"featured_media":54437,"comment_status":"closed","ping_status":"closed","template":"","meta":[],"_links":{"self":[{"href":"https:\/\/www.xcelsiorselection.com\/lv\/wp-json\/wp\/v2\/product\/54441\/"}],"collection":[{"href":"https:\/\/www.xcelsiorselection.com\/lv\/wp-json\/wp\/v2\/product\/"}],"about":[{"href":"https:\/\/www.xcelsiorselection.com\/lv\/wp-json\/wp\/v2\/types\/product\/"}],"replies":[{"embeddable":true,"href":"https:\/\/www.xcelsiorselection.com\/lv\/wp-json\/wp\/v2\/comments\/?post=54441"}],"wp:featuredmedia":[{"embeddable":true,"href":"https:\/\/www.xcelsiorselection.com\/lv\/wp-json\/wp\/v2\/media\/54437\/"}],"wp:attachment":[{"href":"https:\/\/www.xcelsiorselection.com\/lv\/wp-json\/wp\/v2\/media\/?parent=54441"}],"curies":[{"name":"wp","href":"https:\/\/api.w.org\/{rel}","templated":true}]}}